{"id":608,"date":"2025-09-04T14:13:22","date_gmt":"2025-09-04T11:13:22","guid":{"rendered":"https:\/\/chosensports.net\/sports-equipment\/"},"modified":"2025-09-07T00:46:57","modified_gmt":"2025-09-06T21:46:57","slug":"spor-ekipmanlari","status":"publish","type":"page","link":"https:\/\/chosensports.net\/tr\/spor-ekipmanlari\/","title":{"rendered":"Spor Ekipmanlar\u0131"},"content":{"rendered":"\t\t<div data-elementor-type=\"wp-page\" data-elementor-id=\"608\" class=\"elementor elementor-608 elementor-331\" data-elementor-settings=\"{&quot;element_pack_global_tooltip_width&quot;:{&quot;unit&quot;:&quot;px&quot;,&quot;size&quot;:&quot;&quot;,&quot;sizes&quot;:[]},&quot;element_pack_global_tooltip_width_tablet&quot;:{&quot;unit&quot;:&quot;px&quot;,&quot;size&quot;:&quot;&quot;,&quot;sizes&quot;:[]},&quot;element_pack_global_tooltip_width_mobile&quot;:{&quot;unit&quot;:&quot;px&quot;,&quot;size&quot;:&quot;&quot;,&quot;sizes&quot;:[]},&quot;element_pack_global_tooltip_padding&quot;:{&quot;unit&quot;:&quot;px&quot;,&quot;top&quot;:&quot;&quot;,&quot;right&quot;:&quot;&quot;,&quot;bottom&quot;:&quot;&quot;,&quot;left&quot;:&quot;&quot;,&quot;isLinked&quot;:true},&quot;element_pack_global_tooltip_padding_tablet&quot;:{&quot;unit&quot;:&quot;px&quot;,&quot;top&quot;:&quot;&quot;,&quot;right&quot;:&quot;&quot;,&quot;bottom&quot;:&quot;&quot;,&quot;left&quot;:&quot;&quot;,&quot;isLinked&quot;:true},&quot;element_pack_global_tooltip_padding_mobile&quot;:{&quot;unit&quot;:&quot;px&quot;,&quot;top&quot;:&quot;&quot;,&quot;right&quot;:&quot;&quot;,&quot;bottom&quot;:&quot;&quot;,&quot;left&quot;:&quot;&quot;,&quot;isLinked&quot;:true},&quot;element_pack_global_tooltip_border_radius&quot;:{&quot;unit&quot;:&quot;px&quot;,&quot;top&quot;:&quot;&quot;,&quot;right&quot;:&quot;&quot;,&quot;bottom&quot;:&quot;&quot;,&quot;left&quot;:&quot;&quot;,&quot;isLinked&quot;:true},&quot;element_pack_global_tooltip_border_radius_tablet&quot;:{&quot;unit&quot;:&quot;px&quot;,&quot;top&quot;:&quot;&quot;,&quot;right&quot;:&quot;&quot;,&quot;bottom&quot;:&quot;&quot;,&quot;left&quot;:&quot;&quot;,&quot;isLinked&quot;:true},&quot;element_pack_global_tooltip_border_radius_mobile&quot;:{&quot;unit&quot;:&quot;px&quot;,&quot;top&quot;:&quot;&quot;,&quot;right&quot;:&quot;&quot;,&quot;bottom&quot;:&quot;&quot;,&quot;left&quot;:&quot;&quot;,&quot;isLinked&quot;:true}}\" data-elementor-post-type=\"page\">\n\t\t\t\t<div class=\"elementor-element elementor-element-494d5dac e-flex e-con-boxed e-con e-parent\" data-id=\"494d5dac\" data-element_type=\"container\" data-settings=\"{&quot;background_background&quot;:&quot;classic&quot;}\">\n\t\t\t\t\t<div class=\"e-con-inner\">\n\t\t<div class=\"elementor-element elementor-element-3c829239 e-con-full e-flex e-con e-child\" data-id=\"3c829239\" data-element_type=\"container\">\n\t\t<div class=\"elementor-element elementor-element-1c4b9b8d e-con-full e-flex e-con e-child\" data-id=\"1c4b9b8d\" data-element_type=\"container\">\n\t\t\t\t<div class=\"elementor-element elementor-element-2744eb3e elementor-invisible elementor-widget elementor-widget-heading\" data-id=\"2744eb3e\" data-element_type=\"widget\" data-settings=\"{&quot;_animation_delay&quot;:&quot;0&quot;,&quot;_animation&quot;:&quot;fadeInLeft&quot;}\" data-widget_type=\"heading.default\">\n\t\t\t\t\t<h1 class=\"elementor-heading-title elementor-size-default\">Spor<\/h1>\t\t\t\t<\/div>\n\t\t\t\t<div class=\"elementor-element elementor-element-69587a2a elementor-invisible elementor-widget elementor-widget-heading\" data-id=\"69587a2a\" data-element_type=\"widget\" data-settings=\"{&quot;_animation_delay&quot;:&quot;0&quot;,&quot;_animation&quot;:&quot;fadeInRight&quot;}\" data-widget_type=\"heading.default\">\n\t\t\t\t\t<h1 class=\"elementor-heading-title elementor-size-default\">Ekipmanlar\u0131<\/h1>\t\t\t\t<\/div>\n\t\t\t\t<\/div>\n\t\t<div class=\"elementor-element elementor-element-2cd13ac8 e-con-full e-flex e-con e-child\" data-id=\"2cd13ac8\" data-element_type=\"container\">\n\t\t\t\t<div class=\"elementor-element elementor-element-32ff285f  ui-split-animate ui-splitby-chars elementor-widget elementor-widget-text-editor\" data-id=\"32ff285f\" data-element_type=\"widget\" data-settings=\"{&quot;ui_animate_split&quot;:&quot;ui-split-animate&quot;,&quot;ui_animate_split_style&quot;:&quot;fadeIn&quot;,&quot;ui_animate_split_by&quot;:&quot;chars&quot;}\" data-widget_type=\"text-editor.default\">\n\t\t\t\t\t\t\t\t\t<p>Spor ekipmanlar\u0131na eri\u015filebilirlik ve temini, bireylerin ve topluluklar\u0131n spor faaliyetlerine kat\u0131l\u0131m\u0131 i\u00e7in kritik bir \u00f6neme sahiptir. Spor ekipman\u0131n\u0131n uygun fiyatlarla, yeterli miktarda ve \u00e7e\u015fitlilikte sa\u011flanmas\u0131, insanlar\u0131n spor yapma imk\u00e2nlar\u0131n\u0131 art\u0131r\u0131r ve sa\u011fl\u0131kl\u0131 bir ya\u015fam tarz\u0131n\u0131 te\u015fvik eder.<\/p>\n<p>\u00a0<\/p>\n<p>Chosen Sports Management, 50\u2019den fazla spor bran\u015f\u0131na hizmet veren \u00e7\u00f6z\u00fcm ortaklar\u0131yla T\u00fcrkiye\u2019nin her yerine spor ekipmanlar\u0131 sa\u011flamakta destek olmaktad\u0131r.<\/p>\t\t\t\t\t\t\t\t<\/div>\n\t\t\t\t<\/div>\n\t\t\t\t<\/div>\n\t\t\t\t\t<\/div>\n\t\t\t\t<\/div>\n\t\t<div class=\"elementor-element elementor-element-a5a557d e-flex e-con-boxed e-con e-parent\" data-id=\"a5a557d\" data-element_type=\"container\">\n\t\t\t\t\t<div class=\"e-con-inner\">\n\t\t<div class=\"elementor-element elementor-element-6777a919 e-con-full e-flex e-con e-child\" data-id=\"6777a919\" data-element_type=\"container\">\n\t\t<div class=\"elementor-element elementor-element-12591dda e-con-full e-flex e-con e-child\" data-id=\"12591dda\" data-element_type=\"container\">\n\t\t\t\t<div class=\"elementor-element elementor-element-6dfc7da4 elementor-invisible elementor-widget elementor-widget-image-carousel\" data-id=\"6dfc7da4\" data-element_type=\"widget\" data-settings=\"{&quot;slides_to_show&quot;:&quot;2&quot;,&quot;slides_to_show_mobile&quot;:&quot;2&quot;,&quot;navigation&quot;:&quot;none&quot;,&quot;image_spacing_custom&quot;:{&quot;unit&quot;:&quot;px&quot;,&quot;size&quot;:16,&quot;sizes&quot;:[]},&quot;_animation_delay&quot;:&quot;600&quot;,&quot;_animation&quot;:&quot;fadeInLeft&quot;,&quot;autoplay&quot;:&quot;yes&quot;,&quot;pause_on_hover&quot;:&quot;yes&quot;,&quot;pause_on_interaction&quot;:&quot;yes&quot;,&quot;autoplay_speed&quot;:5000,&quot;infinite&quot;:&quot;yes&quot;,&quot;speed&quot;:500,&quot;image_spacing_custom_tablet&quot;:{&quot;unit&quot;:&quot;px&quot;,&quot;size&quot;:&quot;&quot;,&quot;sizes&quot;:[]},&quot;image_spacing_custom_mobile&quot;:{&quot;unit&quot;:&quot;px&quot;,&quot;size&quot;:&quot;&quot;,&quot;sizes&quot;:[]}}\" data-widget_type=\"image-carousel.default\">\n\t\t\t\t\t\t\t<div class=\"elementor-image-carousel-wrapper swiper\" role=\"region\" aria-roledescription=\"carousel\" aria-label=\"Image Carousel\" dir=\"ltr\">\n\t\t\t<div class=\"elementor-image-carousel swiper-wrapper\" aria-live=\"off\">\n\t\t\t\t\t\t\t\t<div class=\"swiper-slide\" role=\"group\" aria-roledescription=\"slide\" aria-label=\"1 \/ 3\"><figure class=\"swiper-slide-inner\"><img decoding=\"async\" class=\"swiper-slide-image\" src=\"https:\/\/chosensports.net\/wp-content\/uploads\/2025\/09\/19.png\" alt=\"19\" \/><\/figure><\/div><div class=\"swiper-slide\" role=\"group\" aria-roledescription=\"slide\" aria-label=\"2 \/ 3\"><figure class=\"swiper-slide-inner\"><img decoding=\"async\" class=\"swiper-slide-image\" src=\"https:\/\/chosensports.net\/wp-content\/uploads\/2025\/09\/20.png\" alt=\"20\" \/><\/figure><\/div><div class=\"swiper-slide\" role=\"group\" aria-roledescription=\"slide\" aria-label=\"3 \/ 3\"><figure class=\"swiper-slide-inner\"><img decoding=\"async\" class=\"swiper-slide-image\" src=\"https:\/\/chosensports.net\/wp-content\/uploads\/2025\/09\/21.png\" alt=\"21\" \/><\/figure><\/div>\t\t\t<\/div>\n\t\t\t\t\t\t\t\n\t\t\t\t\t\t\t\t\t<\/div>\n\t\t\t\t\t\t<\/div>\n\t\t\t\t<\/div>\n\t\t<div class=\"elementor-element elementor-element-824a613 e-con-full e-flex elementor-invisible e-con e-child\" data-id=\"824a613\" data-element_type=\"container\" data-settings=\"{&quot;animation_delay&quot;:&quot;600&quot;,&quot;animation&quot;:&quot;fadeInRight&quot;}\">\n\t\t\t\t<div class=\"elementor-element elementor-element-85ba758 elementor-widget elementor-widget-heading\" data-id=\"85ba758\" data-element_type=\"widget\" data-widget_type=\"heading.default\">\n\t\t\t\t\t<h3 class=\"elementor-heading-title elementor-size-default\">Spor Y\u00f6netiminde 360 Derece Hizmet<\/h3>\t\t\t\t<\/div>\n\t\t\t\t<div class=\"elementor-element elementor-element-a97f0b5 elementor-widget__width-initial elementor-widget-mobile__width-inherit elementor-widget elementor-widget-text-editor\" data-id=\"a97f0b5\" data-element_type=\"widget\" data-widget_type=\"text-editor.default\">\n\t\t\t\t\t\t\t\t\t<article class=\"text-token-text-primary w-full focus:outline-none scroll-mt-[calc(var(--header-height)+min(200px,max(70px,20svh)))]\" dir=\"auto\" tabindex=\"-1\" data-turn-id=\"50c4696b-3b4e-4564-8a8f-5c6ef5c104f0\" data-testid=\"conversation-turn-88\" data-scroll-anchor=\"true\" data-turn=\"assistant\"><div class=\"text-base my-auto mx-auto pb-10 [--thread-content-margin:--spacing(4)] thread-sm:[--thread-content-margin:--spacing(6)] thread-lg:[--thread-content-margin:--spacing(16)] px-(--thread-content-margin)\"><div class=\"[--thread-content-max-width:40rem] thread-sm:[--thread-content-max-width:40rem] thread-lg:[--thread-content-max-width:48rem] mx-auto max-w-(--thread-content-max-width) flex-1 group\/turn-messages focus-visible:outline-hidden relative flex w-full min-w-0 flex-col agent-turn\" tabindex=\"-1\"><div class=\"flex max-w-full flex-col grow\"><div class=\"min-h-8 text-message relative flex w-full flex-col items-end gap-2 text-start break-words whitespace-normal [.text-message+&amp;]:mt-5\" dir=\"auto\" data-message-author-role=\"assistant\" data-message-id=\"c2a6306a-0223-421b-bf8c-a3243dd4b130\" data-message-model-slug=\"gpt-5-mini\"><div class=\"flex w-full flex-col gap-1 empty:hidden first:pt-[3px]\"><div class=\"markdown prose dark:prose-invert w-full break-words dark markdown-new-styling\"><p data-start=\"66\" data-end=\"199\" data-is-last-node=\"\" data-is-only-node=\"\">Profesyonel y\u00f6netimden modern ekipmanlara, kamplardan organizasyonlara kadar ba\u015far\u0131 i\u00e7in ihtiyac\u0131n\u0131z olan her \u015fey burada.<\/p><\/div><\/div><\/div><\/div><\/div><\/div><\/article>\t\t\t\t\t\t\t\t<\/div>\n\t\t\t\t<div class=\"elementor-element elementor-element-a8b1e50 elementor-widget elementor-widget-button\" data-id=\"a8b1e50\" data-element_type=\"widget\" data-widget_type=\"button.default\">\n\t\t\t\t\t\t\t\t\t\t<a class=\"elementor-button elementor-button-link elementor-size-sm\" href=\"https:\/\/chosensports.net\/tr\/iletisim\/#form\">\n\t\t\t\t\t\t<span class=\"elementor-button-content-wrapper\">\n\t\t\t\t\t\t\t\t\t<span class=\"elementor-button-text\">\u0130LET\u0130\u015e\u0130M<\/span>\n\t\t\t\t\t<\/span>\n\t\t\t\t\t<\/a>\n\t\t\t\t\t\t\t\t<\/div>\n\t\t\t\t<\/div>\n\t\t\t\t<\/div>\n\t\t\t\t\t<\/div>\n\t\t\t\t<\/div>\n\t\t\t\t<\/div>\n\t\t","protected":false},"excerpt":{"rendered":"<p>Spor Ekipmanlar\u0131 Spor ekipmanlar\u0131na eri\u015filebilirlik ve temini, bireylerin ve topluluklar\u0131n spor faaliyetlerine kat\u0131l\u0131m\u0131 i\u00e7in kritik bir \u00f6neme sahiptir. Spor ekipman\u0131n\u0131n uygun fiyatlarla, yeterli miktarda ve \u00e7e\u015fitlilikte sa\u011flanmas\u0131, insanlar\u0131n spor yapma imk\u00e2nlar\u0131n\u0131 art\u0131r\u0131r ve sa\u011fl\u0131kl\u0131 bir ya\u015fam tarz\u0131n\u0131 te\u015fvik eder. \u00a0 Chosen Sports Management, 50\u2019den fazla spor bran\u015f\u0131na hizmet veren \u00e7\u00f6z\u00fcm ortaklar\u0131yla T\u00fcrkiye\u2019nin her yerine spor [&hellip;]<\/p>\n","protected":false},"author":1,"featured_media":0,"parent":0,"menu_order":0,"comment_status":"closed","ping_status":"closed","template":"","meta":{"footnotes":""},"class_list":["post-608","page","type-page","status-publish","hentry"],"yoast_head":"<!-- This site is optimized with the Yoast SEO plugin v25.9 - https:\/\/yoast.com\/wordpress\/plugins\/seo\/ -->\n<title>Spor Ekipmanlar\u0131 - Chosen Sports<\/title>\n<meta name=\"robots\" content=\"index, follow, max-snippet:-1, max-image-preview:large, max-video-preview:-1\" \/>\n<link rel=\"canonical\" href=\"https:\/\/chosensports.net\/tr\/spor-ekipmanlari\/\" \/>\n<meta property=\"og:locale\" content=\"tr_TR\" \/>\n<meta property=\"og:type\" content=\"article\" \/>\n<meta property=\"og:title\" content=\"Spor Ekipmanlar\u0131 - Chosen Sports\" \/>\n<meta property=\"og:description\" content=\"Spor Ekipmanlar\u0131 Spor ekipmanlar\u0131na eri\u015filebilirlik ve temini, bireylerin ve topluluklar\u0131n spor faaliyetlerine kat\u0131l\u0131m\u0131 i\u00e7in kritik bir \u00f6neme sahiptir. Spor ekipman\u0131n\u0131n uygun fiyatlarla, yeterli miktarda ve \u00e7e\u015fitlilikte sa\u011flanmas\u0131, insanlar\u0131n spor yapma imk\u00e2nlar\u0131n\u0131 art\u0131r\u0131r ve sa\u011fl\u0131kl\u0131 bir ya\u015fam tarz\u0131n\u0131 te\u015fvik eder. \u00a0 Chosen Sports Management, 50\u2019den fazla spor bran\u015f\u0131na hizmet veren \u00e7\u00f6z\u00fcm ortaklar\u0131yla T\u00fcrkiye\u2019nin her yerine spor [&hellip;]\" \/>\n<meta property=\"og:url\" content=\"https:\/\/chosensports.net\/tr\/spor-ekipmanlari\/\" \/>\n<meta property=\"og:site_name\" content=\"Chosen Sports\" \/>\n<meta property=\"article:modified_time\" content=\"2025-09-06T21:46:57+00:00\" \/>\n<meta property=\"og:image\" content=\"https:\/\/chosensports.net\/wp-content\/uploads\/2025\/09\/19.png\" \/>\n<meta name=\"twitter:card\" content=\"summary_large_image\" \/>\n<meta name=\"twitter:label1\" content=\"Tahmini okuma s\u00fcresi\" \/>\n\t<meta name=\"twitter:data1\" content=\"1 dakika\" \/>\n<script type=\"application\/ld+json\" class=\"yoast-schema-graph\">{\"@context\":\"https:\/\/schema.org\",\"@graph\":[{\"@type\":\"WebPage\",\"@id\":\"https:\/\/chosensports.net\/tr\/spor-ekipmanlari\/\",\"url\":\"https:\/\/chosensports.net\/tr\/spor-ekipmanlari\/\",\"name\":\"Spor Ekipmanlar\u0131 - Chosen Sports\",\"isPartOf\":{\"@id\":\"https:\/\/chosensports.net\/#website\"},\"primaryImageOfPage\":{\"@id\":\"https:\/\/chosensports.net\/tr\/spor-ekipmanlari\/#primaryimage\"},\"image\":{\"@id\":\"https:\/\/chosensports.net\/tr\/spor-ekipmanlari\/#primaryimage\"},\"thumbnailUrl\":\"https:\/\/chosensports.net\/wp-content\/uploads\/2025\/09\/19.png\",\"datePublished\":\"2025-09-04T11:13:22+00:00\",\"dateModified\":\"2025-09-06T21:46:57+00:00\",\"breadcrumb\":{\"@id\":\"https:\/\/chosensports.net\/tr\/spor-ekipmanlari\/#breadcrumb\"},\"inLanguage\":\"tr\",\"potentialAction\":[{\"@type\":\"ReadAction\",\"target\":[\"https:\/\/chosensports.net\/tr\/spor-ekipmanlari\/\"]}]},{\"@type\":\"ImageObject\",\"inLanguage\":\"tr\",\"@id\":\"https:\/\/chosensports.net\/tr\/spor-ekipmanlari\/#primaryimage\",\"url\":\"https:\/\/chosensports.net\/wp-content\/uploads\/2025\/09\/19.png\",\"contentUrl\":\"https:\/\/chosensports.net\/wp-content\/uploads\/2025\/09\/19.png\"},{\"@type\":\"BreadcrumbList\",\"@id\":\"https:\/\/chosensports.net\/tr\/spor-ekipmanlari\/#breadcrumb\",\"itemListElement\":[{\"@type\":\"ListItem\",\"position\":1,\"name\":\"Home\",\"item\":\"https:\/\/chosensports.net\/\"},{\"@type\":\"ListItem\",\"position\":2,\"name\":\"Spor Ekipmanlar\u0131\"}]},{\"@type\":\"WebSite\",\"@id\":\"https:\/\/chosensports.net\/#website\",\"url\":\"https:\/\/chosensports.net\/\",\"name\":\"Chosen Sports\",\"description\":\"\",\"publisher\":{\"@id\":\"https:\/\/chosensports.net\/#organization\"},\"potentialAction\":[{\"@type\":\"SearchAction\",\"target\":{\"@type\":\"EntryPoint\",\"urlTemplate\":\"https:\/\/chosensports.net\/?s={search_term_string}\"},\"query-input\":{\"@type\":\"PropertyValueSpecification\",\"valueRequired\":true,\"valueName\":\"search_term_string\"}}],\"inLanguage\":\"tr\"},{\"@type\":\"Organization\",\"@id\":\"https:\/\/chosensports.net\/#organization\",\"name\":\"Chosen Sports\",\"url\":\"https:\/\/chosensports.net\/\",\"logo\":{\"@type\":\"ImageObject\",\"inLanguage\":\"tr\",\"@id\":\"https:\/\/chosensports.net\/#\/schema\/logo\/image\/\",\"url\":\"https:\/\/chosensports.net\/wp-content\/uploads\/2025\/09\/jjhjh-e1756822167242.png\",\"contentUrl\":\"https:\/\/chosensports.net\/wp-content\/uploads\/2025\/09\/jjhjh-e1756822167242.png\",\"width\":400,\"height\":151,\"caption\":\"Chosen Sports\"},\"image\":{\"@id\":\"https:\/\/chosensports.net\/#\/schema\/logo\/image\/\"}}]}<\/script>\n<!-- \/ Yoast SEO plugin. -->","yoast_head_json":{"title":"Spor Ekipmanlar\u0131 - Chosen Sports","robots":{"index":"index","follow":"follow","max-snippet":"max-snippet:-1","max-image-preview":"max-image-preview:large","max-video-preview":"max-video-preview:-1"},"canonical":"https:\/\/chosensports.net\/tr\/spor-ekipmanlari\/","og_locale":"tr_TR","og_type":"article","og_title":"Spor Ekipmanlar\u0131 - Chosen Sports","og_description":"Spor Ekipmanlar\u0131 Spor ekipmanlar\u0131na eri\u015filebilirlik ve temini, bireylerin ve topluluklar\u0131n spor faaliyetlerine kat\u0131l\u0131m\u0131 i\u00e7in kritik bir \u00f6neme sahiptir. Spor ekipman\u0131n\u0131n uygun fiyatlarla, yeterli miktarda ve \u00e7e\u015fitlilikte sa\u011flanmas\u0131, insanlar\u0131n spor yapma imk\u00e2nlar\u0131n\u0131 art\u0131r\u0131r ve sa\u011fl\u0131kl\u0131 bir ya\u015fam tarz\u0131n\u0131 te\u015fvik eder. \u00a0 Chosen Sports Management, 50\u2019den fazla spor bran\u015f\u0131na hizmet veren \u00e7\u00f6z\u00fcm ortaklar\u0131yla T\u00fcrkiye\u2019nin her yerine spor [&hellip;]","og_url":"https:\/\/chosensports.net\/tr\/spor-ekipmanlari\/","og_site_name":"Chosen Sports","article_modified_time":"2025-09-06T21:46:57+00:00","og_image":[{"url":"https:\/\/chosensports.net\/wp-content\/uploads\/2025\/09\/19.png","type":"","width":"","height":""}],"twitter_card":"summary_large_image","twitter_misc":{"Tahmini okuma s\u00fcresi":"1 dakika"},"schema":{"@context":"https:\/\/schema.org","@graph":[{"@type":"WebPage","@id":"https:\/\/chosensports.net\/tr\/spor-ekipmanlari\/","url":"https:\/\/chosensports.net\/tr\/spor-ekipmanlari\/","name":"Spor Ekipmanlar\u0131 - Chosen Sports","isPartOf":{"@id":"https:\/\/chosensports.net\/#website"},"primaryImageOfPage":{"@id":"https:\/\/chosensports.net\/tr\/spor-ekipmanlari\/#primaryimage"},"image":{"@id":"https:\/\/chosensports.net\/tr\/spor-ekipmanlari\/#primaryimage"},"thumbnailUrl":"https:\/\/chosensports.net\/wp-content\/uploads\/2025\/09\/19.png","datePublished":"2025-09-04T11:13:22+00:00","dateModified":"2025-09-06T21:46:57+00:00","breadcrumb":{"@id":"https:\/\/chosensports.net\/tr\/spor-ekipmanlari\/#breadcrumb"},"inLanguage":"tr","potentialAction":[{"@type":"ReadAction","target":["https:\/\/chosensports.net\/tr\/spor-ekipmanlari\/"]}]},{"@type":"ImageObject","inLanguage":"tr","@id":"https:\/\/chosensports.net\/tr\/spor-ekipmanlari\/#primaryimage","url":"https:\/\/chosensports.net\/wp-content\/uploads\/2025\/09\/19.png","contentUrl":"https:\/\/chosensports.net\/wp-content\/uploads\/2025\/09\/19.png"},{"@type":"BreadcrumbList","@id":"https:\/\/chosensports.net\/tr\/spor-ekipmanlari\/#breadcrumb","itemListElement":[{"@type":"ListItem","position":1,"name":"Home","item":"https:\/\/chosensports.net\/"},{"@type":"ListItem","position":2,"name":"Spor Ekipmanlar\u0131"}]},{"@type":"WebSite","@id":"https:\/\/chosensports.net\/#website","url":"https:\/\/chosensports.net\/","name":"Chosen Sports","description":"","publisher":{"@id":"https:\/\/chosensports.net\/#organization"},"potentialAction":[{"@type":"SearchAction","target":{"@type":"EntryPoint","urlTemplate":"https:\/\/chosensports.net\/?s={search_term_string}"},"query-input":{"@type":"PropertyValueSpecification","valueRequired":true,"valueName":"search_term_string"}}],"inLanguage":"tr"},{"@type":"Organization","@id":"https:\/\/chosensports.net\/#organization","name":"Chosen Sports","url":"https:\/\/chosensports.net\/","logo":{"@type":"ImageObject","inLanguage":"tr","@id":"https:\/\/chosensports.net\/#\/schema\/logo\/image\/","url":"https:\/\/chosensports.net\/wp-content\/uploads\/2025\/09\/jjhjh-e1756822167242.png","contentUrl":"https:\/\/chosensports.net\/wp-content\/uploads\/2025\/09\/jjhjh-e1756822167242.png","width":400,"height":151,"caption":"Chosen Sports"},"image":{"@id":"https:\/\/chosensports.net\/#\/schema\/logo\/image\/"}}]}},"_links":{"self":[{"href":"https:\/\/chosensports.net\/tr\/wp-json\/wp\/v2\/pages\/608","targetHints":{"allow":["GET"]}}],"collection":[{"href":"https:\/\/chosensports.net\/tr\/wp-json\/wp\/v2\/pages"}],"about":[{"href":"https:\/\/chosensports.net\/tr\/wp-json\/wp\/v2\/types\/page"}],"author":[{"embeddable":true,"href":"https:\/\/chosensports.net\/tr\/wp-json\/wp\/v2\/users\/1"}],"replies":[{"embeddable":true,"href":"https:\/\/chosensports.net\/tr\/wp-json\/wp\/v2\/comments?post=608"}],"version-history":[{"count":8,"href":"https:\/\/chosensports.net\/tr\/wp-json\/wp\/v2\/pages\/608\/revisions"}],"predecessor-version":[{"id":647,"href":"https:\/\/chosensports.net\/tr\/wp-json\/wp\/v2\/pages\/608\/revisions\/647"}],"wp:attachment":[{"href":"https:\/\/chosensports.net\/tr\/wp-json\/wp\/v2\/media?parent=608"}],"curies":[{"name":"wp","href":"https:\/\/api.w.org\/{rel}","templated":true}]}}