{"id":606,"date":"2025-09-02T18:15:12","date_gmt":"2025-09-02T15:15:12","guid":{"rendered":"https:\/\/chosensports.net\/sports-consultancy\/"},"modified":"2025-09-07T00:35:48","modified_gmt":"2025-09-06T21:35:48","slug":"sportif-danismanlik","status":"publish","type":"page","link":"https:\/\/chosensports.net\/tr\/sportif-danismanlik\/","title":{"rendered":"Sportif Dan\u0131\u015fmanl\u0131k"},"content":{"rendered":"\t\t<div data-elementor-type=\"wp-page\" data-elementor-id=\"606\" class=\"elementor elementor-606 elementor-236\" data-elementor-settings=\"{&quot;element_pack_global_tooltip_width&quot;:{&quot;unit&quot;:&quot;px&quot;,&quot;size&quot;:&quot;&quot;,&quot;sizes&quot;:[]},&quot;element_pack_global_tooltip_width_tablet&quot;:{&quot;unit&quot;:&quot;px&quot;,&quot;size&quot;:&quot;&quot;,&quot;sizes&quot;:[]},&quot;element_pack_global_tooltip_width_mobile&quot;:{&quot;unit&quot;:&quot;px&quot;,&quot;size&quot;:&quot;&quot;,&quot;sizes&quot;:[]},&quot;element_pack_global_tooltip_padding&quot;:{&quot;unit&quot;:&quot;px&quot;,&quot;top&quot;:&quot;&quot;,&quot;right&quot;:&quot;&quot;,&quot;bottom&quot;:&quot;&quot;,&quot;left&quot;:&quot;&quot;,&quot;isLinked&quot;:true},&quot;element_pack_global_tooltip_padding_tablet&quot;:{&quot;unit&quot;:&quot;px&quot;,&quot;top&quot;:&quot;&quot;,&quot;right&quot;:&quot;&quot;,&quot;bottom&quot;:&quot;&quot;,&quot;left&quot;:&quot;&quot;,&quot;isLinked&quot;:true},&quot;element_pack_global_tooltip_padding_mobile&quot;:{&quot;unit&quot;:&quot;px&quot;,&quot;top&quot;:&quot;&quot;,&quot;right&quot;:&quot;&quot;,&quot;bottom&quot;:&quot;&quot;,&quot;left&quot;:&quot;&quot;,&quot;isLinked&quot;:true},&quot;element_pack_global_tooltip_border_radius&quot;:{&quot;unit&quot;:&quot;px&quot;,&quot;top&quot;:&quot;&quot;,&quot;right&quot;:&quot;&quot;,&quot;bottom&quot;:&quot;&quot;,&quot;left&quot;:&quot;&quot;,&quot;isLinked&quot;:true},&quot;element_pack_global_tooltip_border_radius_tablet&quot;:{&quot;unit&quot;:&quot;px&quot;,&quot;top&quot;:&quot;&quot;,&quot;right&quot;:&quot;&quot;,&quot;bottom&quot;:&quot;&quot;,&quot;left&quot;:&quot;&quot;,&quot;isLinked&quot;:true},&quot;element_pack_global_tooltip_border_radius_mobile&quot;:{&quot;unit&quot;:&quot;px&quot;,&quot;top&quot;:&quot;&quot;,&quot;right&quot;:&quot;&quot;,&quot;bottom&quot;:&quot;&quot;,&quot;left&quot;:&quot;&quot;,&quot;isLinked&quot;:true}}\" data-elementor-post-type=\"page\">\n\t\t\t\t<div class=\"elementor-element elementor-element-494d5dac e-flex e-con-boxed e-con e-parent\" data-id=\"494d5dac\" data-element_type=\"container\" data-settings=\"{&quot;background_background&quot;:&quot;classic&quot;}\">\n\t\t\t\t\t<div class=\"e-con-inner\">\n\t\t<div class=\"elementor-element elementor-element-3c829239 e-con-full e-flex e-con e-child\" data-id=\"3c829239\" data-element_type=\"container\">\n\t\t<div class=\"elementor-element elementor-element-1c4b9b8d e-con-full e-flex e-con e-child\" data-id=\"1c4b9b8d\" data-element_type=\"container\">\n\t\t\t\t<div class=\"elementor-element elementor-element-2744eb3e elementor-invisible elementor-widget elementor-widget-heading\" data-id=\"2744eb3e\" data-element_type=\"widget\" data-settings=\"{&quot;_animation_delay&quot;:&quot;0&quot;,&quot;_animation&quot;:&quot;fadeInLeft&quot;}\" data-widget_type=\"heading.default\">\n\t\t\t\t\t<h1 class=\"elementor-heading-title elementor-size-default\">Sportif\n<\/h1>\t\t\t\t<\/div>\n\t\t\t\t<div class=\"elementor-element elementor-element-69587a2a elementor-invisible elementor-widget elementor-widget-heading\" data-id=\"69587a2a\" data-element_type=\"widget\" data-settings=\"{&quot;_animation_delay&quot;:&quot;0&quot;,&quot;_animation&quot;:&quot;fadeInRight&quot;}\" data-widget_type=\"heading.default\">\n\t\t\t\t\t<h1 class=\"elementor-heading-title elementor-size-default\">Dan\u0131\u015fmanl\u0131k<\/h1>\t\t\t\t<\/div>\n\t\t\t\t<\/div>\n\t\t<div class=\"elementor-element elementor-element-2cd13ac8 e-con-full e-flex e-con e-child\" data-id=\"2cd13ac8\" data-element_type=\"container\">\n\t\t\t\t<div class=\"elementor-element elementor-element-32ff285f  ui-split-animate ui-splitby-chars elementor-widget elementor-widget-text-editor\" data-id=\"32ff285f\" data-element_type=\"widget\" data-settings=\"{&quot;ui_animate_split&quot;:&quot;ui-split-animate&quot;,&quot;ui_animate_split_style&quot;:&quot;fadeIn&quot;,&quot;ui_animate_split_by&quot;:&quot;chars&quot;}\" data-widget_type=\"text-editor.default\">\n\t\t\t\t\t\t\t\t\t<p data-start=\"72\" data-end=\"395\">Sportif dan\u0131\u015fman, bir spor kul\u00fcb\u00fcnde \u00f6nemli bir rol \u00fcstlenen profesyoneldir. Genellikle kul\u00fcb\u00fcn mevcut durumda kar\u015f\u0131la\u015ft\u0131\u011f\u0131 sorunlar\u0131 analiz ederek, geli\u015fim f\u0131rsatlar\u0131n\u0131 belirleyerek ve stratejik kararlar alarak kul\u00fcb\u00fcn daha iyi bir performans g\u00f6stermesine yard\u0131mc\u0131 olur. \u0130\u015fte sportif dan\u0131\u015fman\u0131n spor kul\u00fcb\u00fcndeki ba\u015fl\u0131ca g\u00f6revleri:<\/p>\t\t\t\t\t\t\t\t<\/div>\n\t\t\t\t<\/div>\n\t\t\t\t<\/div>\n\t\t\t\t\t<\/div>\n\t\t\t\t<\/div>\n\t\t<div class=\"elementor-element elementor-element-a5a557d e-flex e-con-boxed e-con e-parent\" data-id=\"a5a557d\" data-element_type=\"container\">\n\t\t\t\t\t<div class=\"e-con-inner\">\n\t\t\t\t<div class=\"elementor-element elementor-element-ce51589 elementor-widget elementor-widget-text-editor\" data-id=\"ce51589\" data-element_type=\"widget\" data-widget_type=\"text-editor.default\">\n\t\t\t\t\t\t\t\t\t<ul><li><strong>Performans Analizi:<\/strong> Sportif dan\u0131\u015fman, sporcular\u0131n ve tak\u0131mlar\u0131n performans\u0131n\u0131 de\u011ferlendirir. Antrenman s\u00fcre\u00e7lerini ve ma\u00e7 stratejilerini analiz ederek, iyile\u015ftirme \u00f6nerileri sunar.<\/li><li><strong>Stratejik Planlama:<\/strong> Kul\u00fcb\u00fcn k\u0131sa ve uzun vadeli hedeflerini belirlemek konusunda y\u00f6netime rehberlik eder. Gelecekteki transfer politikalar\u0131, altyap\u0131 yat\u0131r\u0131mlar\u0131 ve kul\u00fcp geli\u015fim planlar\u0131 gibi konularda stratejiler geli\u015ftirilmesine katk\u0131 sa\u011flar.<\/li><li><strong>Transfer Dan\u0131\u015fmanl\u0131\u011f\u0131:<\/strong> Sporcular\u0131n transfer s\u00fcrecinde, kul\u00fcbe potansiyel oyuncularla ilgili \u00f6nerilerde bulunabilir. Oyuncu izleme, yetenek de\u011ferlendirme ve transfer pazarl\u0131\u011f\u0131 konular\u0131nda y\u00f6nlendirme yapabilir.<\/li><li><strong>Antrenman ve Geli\u015fim Programlar\u0131:<\/strong> Sportif dan\u0131\u015fman, antren\u00f6rlerle i\u015fbirli\u011fi yaparak sporcular i\u00e7in etkili antrenman ve geli\u015fim programlar\u0131 olu\u015fturur. Bu programlar, oyuncular\u0131n fiziksel ve teknik becerilerini art\u0131rmay\u0131 ama\u00e7lar.<\/li><li><strong>\u0130leti\u015fim Y\u00f6neticili\u011fi:<\/strong> Oyuncular, antren\u00f6rler ve y\u00f6netim aras\u0131nda etkili ileti\u015fimi sa\u011flamak i\u00e7in bir k\u00f6pr\u00fc g\u00f6revi \u00fcstlenir. Sporcular\u0131n ihtiya\u00e7lar\u0131n\u0131 ve \u00f6nerilerini y\u00f6netime iletebilir.<\/li><li><strong>Pazarlama ve Sponsorluk:<\/strong> Kul\u00fcp i\u00e7in potansiyel sponsorluk anla\u015fmalar\u0131n\u0131 ara\u015ft\u0131rabilir ve pazarlama stratejileri geli\u015ftirilmesine katk\u0131 sa\u011flayabilir. Kul\u00fcb\u00fcn marka de\u011ferini art\u0131rmaya y\u00f6nelik \u00e7al\u0131\u015fmalar yapar.<\/li><li><strong>E\u011fitim ve Destek:<\/strong> Y\u00f6netim, antren\u00f6rler ve sporcular i\u00e7in e\u011fitim seminerleri ve at\u00f6lye \u00e7al\u0131\u015fmalar\u0131 d\u00fczenleyerek, sporun geli\u015fimine katk\u0131da bulunabilir.<\/li><li><strong>Krize M\u00fcdahale:<\/strong> Kul\u00fcp, s\u0131k\u0131nt\u0131l\u0131 bir d\u00f6nemden ge\u00e7iyorsa, sportif dan\u0131\u015fman durumu analiz eder ve durumu d\u00fczeltecek stratejiler \u00f6nerir.<\/li><\/ul><p>Chosen Sports Management antren\u00f6rlere ve di\u011fer payda\u015flara stratejik \u00f6neriler sunarak, kul\u00fcb\u00fcn genel performans\u0131n\u0131 art\u0131rmay\u0131 hedefler. Ayr\u0131ca, kul\u00fcb\u00fcn uzun vadede ba\u015far\u0131l\u0131 olabilmesi i\u00e7in gerekli olan altyap\u0131y\u0131 ve stratejileri olu\u015fturmas\u0131na yard\u0131mc\u0131 olmay\u0131 hedeflemektedir.<\/p>\t\t\t\t\t\t\t\t<\/div>\n\t\t<div class=\"elementor-element elementor-element-6777a919 e-con-full e-flex e-con e-child\" data-id=\"6777a919\" data-element_type=\"container\">\n\t\t<div class=\"elementor-element elementor-element-12591dda e-con-full e-flex e-con e-child\" data-id=\"12591dda\" data-element_type=\"container\">\n\t\t\t\t<div class=\"elementor-element elementor-element-6dfc7da4 elementor-invisible elementor-widget elementor-widget-image-carousel\" data-id=\"6dfc7da4\" data-element_type=\"widget\" data-settings=\"{&quot;slides_to_show&quot;:&quot;2&quot;,&quot;slides_to_show_mobile&quot;:&quot;2&quot;,&quot;navigation&quot;:&quot;none&quot;,&quot;image_spacing_custom&quot;:{&quot;unit&quot;:&quot;px&quot;,&quot;size&quot;:16,&quot;sizes&quot;:[]},&quot;_animation_delay&quot;:&quot;600&quot;,&quot;_animation&quot;:&quot;fadeInLeft&quot;,&quot;autoplay&quot;:&quot;yes&quot;,&quot;pause_on_hover&quot;:&quot;yes&quot;,&quot;pause_on_interaction&quot;:&quot;yes&quot;,&quot;autoplay_speed&quot;:5000,&quot;infinite&quot;:&quot;yes&quot;,&quot;speed&quot;:500,&quot;image_spacing_custom_tablet&quot;:{&quot;unit&quot;:&quot;px&quot;,&quot;size&quot;:&quot;&quot;,&quot;sizes&quot;:[]},&quot;image_spacing_custom_mobile&quot;:{&quot;unit&quot;:&quot;px&quot;,&quot;size&quot;:&quot;&quot;,&quot;sizes&quot;:[]}}\" data-widget_type=\"image-carousel.default\">\n\t\t\t\t\t\t\t<div class=\"elementor-image-carousel-wrapper swiper\" role=\"region\" aria-roledescription=\"carousel\" aria-label=\"Image Carousel\" dir=\"ltr\">\n\t\t\t<div class=\"elementor-image-carousel swiper-wrapper\" aria-live=\"off\">\n\t\t\t\t\t\t\t\t<div class=\"swiper-slide\" role=\"group\" aria-roledescription=\"slide\" aria-label=\"1 \/ 3\"><figure class=\"swiper-slide-inner\"><img decoding=\"async\" class=\"swiper-slide-image\" src=\"https:\/\/chosensports.net\/wp-content\/uploads\/2025\/09\/6-1.png\" alt=\"6\" \/><\/figure><\/div><div class=\"swiper-slide\" role=\"group\" aria-roledescription=\"slide\" aria-label=\"2 \/ 3\"><figure class=\"swiper-slide-inner\"><img decoding=\"async\" class=\"swiper-slide-image\" src=\"https:\/\/chosensports.net\/wp-content\/uploads\/2025\/09\/14.png\" alt=\"14\" \/><\/figure><\/div><div class=\"swiper-slide\" role=\"group\" aria-roledescription=\"slide\" aria-label=\"3 \/ 3\"><figure class=\"swiper-slide-inner\"><img decoding=\"async\" class=\"swiper-slide-image\" src=\"https:\/\/chosensports.net\/wp-content\/uploads\/2025\/09\/8-1.png\" alt=\"8\" \/><\/figure><\/div>\t\t\t<\/div>\n\t\t\t\t\t\t\t\n\t\t\t\t\t\t\t\t\t<\/div>\n\t\t\t\t\t\t<\/div>\n\t\t\t\t<\/div>\n\t\t<div class=\"elementor-element elementor-element-8061216 e-con-full e-flex elementor-invisible e-con e-child\" data-id=\"8061216\" data-element_type=\"container\" data-settings=\"{&quot;animation_delay&quot;:&quot;600&quot;,&quot;animation&quot;:&quot;fadeInRight&quot;}\">\n\t\t\t\t<div class=\"elementor-element elementor-element-038bb33 elementor-widget elementor-widget-heading\" data-id=\"038bb33\" data-element_type=\"widget\" data-widget_type=\"heading.default\">\n\t\t\t\t\t<h3 class=\"elementor-heading-title elementor-size-default\">Spor Y\u00f6netiminde 360 Derece Hizmet<\/h3>\t\t\t\t<\/div>\n\t\t\t\t<div class=\"elementor-element elementor-element-f6a1bae elementor-widget__width-initial elementor-widget-mobile__width-inherit elementor-widget elementor-widget-text-editor\" data-id=\"f6a1bae\" data-element_type=\"widget\" data-widget_type=\"text-editor.default\">\n\t\t\t\t\t\t\t\t\t<article class=\"text-token-text-primary w-full focus:outline-none scroll-mt-[calc(var(--header-height)+min(200px,max(70px,20svh)))]\" dir=\"auto\" tabindex=\"-1\" data-turn-id=\"50c4696b-3b4e-4564-8a8f-5c6ef5c104f0\" data-testid=\"conversation-turn-88\" data-scroll-anchor=\"true\" data-turn=\"assistant\"><div class=\"text-base my-auto mx-auto pb-10 [--thread-content-margin:--spacing(4)] thread-sm:[--thread-content-margin:--spacing(6)] thread-lg:[--thread-content-margin:--spacing(16)] px-(--thread-content-margin)\"><div class=\"[--thread-content-max-width:40rem] thread-sm:[--thread-content-max-width:40rem] thread-lg:[--thread-content-max-width:48rem] mx-auto max-w-(--thread-content-max-width) flex-1 group\/turn-messages focus-visible:outline-hidden relative flex w-full min-w-0 flex-col agent-turn\" tabindex=\"-1\"><div class=\"flex max-w-full flex-col grow\"><div class=\"min-h-8 text-message relative flex w-full flex-col items-end gap-2 text-start break-words whitespace-normal [.text-message+&amp;]:mt-5\" dir=\"auto\" data-message-author-role=\"assistant\" data-message-id=\"c2a6306a-0223-421b-bf8c-a3243dd4b130\" data-message-model-slug=\"gpt-5-mini\"><div class=\"flex w-full flex-col gap-1 empty:hidden first:pt-[3px]\"><div class=\"markdown prose dark:prose-invert w-full break-words dark markdown-new-styling\"><p data-start=\"66\" data-end=\"199\" data-is-last-node=\"\" data-is-only-node=\"\">Profesyonel y\u00f6netimden modern ekipmanlara, kamplardan organizasyonlara kadar ba\u015far\u0131 i\u00e7in ihtiyac\u0131n\u0131z olan her \u015fey burada.<\/p><\/div><\/div><\/div><\/div><\/div><\/div><\/article>\t\t\t\t\t\t\t\t<\/div>\n\t\t\t\t<div class=\"elementor-element elementor-element-dce4185 elementor-widget elementor-widget-button\" data-id=\"dce4185\" data-element_type=\"widget\" data-widget_type=\"button.default\">\n\t\t\t\t\t\t\t\t\t\t<a class=\"elementor-button elementor-button-link elementor-size-sm\" href=\"https:\/\/chosensports.net\/tr\/iletisim\/#form\">\n\t\t\t\t\t\t<span class=\"elementor-button-content-wrapper\">\n\t\t\t\t\t\t\t\t\t<span class=\"elementor-button-text\">\u0130LET\u0130\u015e\u0130M<\/span>\n\t\t\t\t\t<\/span>\n\t\t\t\t\t<\/a>\n\t\t\t\t\t\t\t\t<\/div>\n\t\t\t\t<\/div>\n\t\t\t\t<\/div>\n\t\t\t\t\t<\/div>\n\t\t\t\t<\/div>\n\t\t\t\t<\/div>\n\t\t","protected":false},"excerpt":{"rendered":"<p>Sportif Dan\u0131\u015fmanl\u0131k Sportif dan\u0131\u015fman, bir spor kul\u00fcb\u00fcnde \u00f6nemli bir rol \u00fcstlenen profesyoneldir. Genellikle kul\u00fcb\u00fcn mevcut durumda kar\u015f\u0131la\u015ft\u0131\u011f\u0131 sorunlar\u0131 analiz ederek, geli\u015fim f\u0131rsatlar\u0131n\u0131 belirleyerek ve stratejik kararlar alarak kul\u00fcb\u00fcn daha iyi bir performans g\u00f6stermesine yard\u0131mc\u0131 olur. \u0130\u015fte sportif dan\u0131\u015fman\u0131n spor kul\u00fcb\u00fcndeki ba\u015fl\u0131ca g\u00f6revleri: Performans Analizi: Sportif dan\u0131\u015fman, sporcular\u0131n ve tak\u0131mlar\u0131n performans\u0131n\u0131 de\u011ferlendirir. Antrenman s\u00fcre\u00e7lerini ve ma\u00e7 [&hellip;]<\/p>\n","protected":false},"author":1,"featured_media":0,"parent":0,"menu_order":0,"comment_status":"closed","ping_status":"closed","template":"","meta":{"footnotes":""},"class_list":["post-606","page","type-page","status-publish","hentry"],"yoast_head":"<!-- This site is optimized with the Yoast SEO plugin v25.9 - https:\/\/yoast.com\/wordpress\/plugins\/seo\/ -->\n<title>Sportif Dan\u0131\u015fmanl\u0131k - Chosen Sports<\/title>\n<meta name=\"robots\" content=\"index, follow, max-snippet:-1, max-image-preview:large, max-video-preview:-1\" \/>\n<link rel=\"canonical\" href=\"https:\/\/chosensports.net\/tr\/sportif-danismanlik\/\" \/>\n<meta property=\"og:locale\" content=\"tr_TR\" \/>\n<meta property=\"og:type\" content=\"article\" \/>\n<meta property=\"og:title\" content=\"Sportif Dan\u0131\u015fmanl\u0131k - Chosen Sports\" \/>\n<meta property=\"og:description\" content=\"Sportif Dan\u0131\u015fmanl\u0131k Sportif dan\u0131\u015fman, bir spor kul\u00fcb\u00fcnde \u00f6nemli bir rol \u00fcstlenen profesyoneldir. Genellikle kul\u00fcb\u00fcn mevcut durumda kar\u015f\u0131la\u015ft\u0131\u011f\u0131 sorunlar\u0131 analiz ederek, geli\u015fim f\u0131rsatlar\u0131n\u0131 belirleyerek ve stratejik kararlar alarak kul\u00fcb\u00fcn daha iyi bir performans g\u00f6stermesine yard\u0131mc\u0131 olur. \u0130\u015fte sportif dan\u0131\u015fman\u0131n spor kul\u00fcb\u00fcndeki ba\u015fl\u0131ca g\u00f6revleri: Performans Analizi: Sportif dan\u0131\u015fman, sporcular\u0131n ve tak\u0131mlar\u0131n performans\u0131n\u0131 de\u011ferlendirir. Antrenman s\u00fcre\u00e7lerini ve ma\u00e7 [&hellip;]\" \/>\n<meta property=\"og:url\" content=\"https:\/\/chosensports.net\/tr\/sportif-danismanlik\/\" \/>\n<meta property=\"og:site_name\" content=\"Chosen Sports\" \/>\n<meta property=\"article:modified_time\" content=\"2025-09-06T21:35:48+00:00\" \/>\n<meta property=\"og:image\" content=\"https:\/\/chosensports.net\/wp-content\/uploads\/2025\/09\/6-1.png\" \/>\n<meta name=\"twitter:card\" content=\"summary_large_image\" \/>\n<meta name=\"twitter:label1\" content=\"Tahmini okuma s\u00fcresi\" \/>\n\t<meta name=\"twitter:data1\" content=\"2 dakika\" \/>\n<script type=\"application\/ld+json\" class=\"yoast-schema-graph\">{\"@context\":\"https:\/\/schema.org\",\"@graph\":[{\"@type\":\"WebPage\",\"@id\":\"https:\/\/chosensports.net\/tr\/sportif-danismanlik\/\",\"url\":\"https:\/\/chosensports.net\/tr\/sportif-danismanlik\/\",\"name\":\"Sportif Dan\u0131\u015fmanl\u0131k - Chosen Sports\",\"isPartOf\":{\"@id\":\"https:\/\/chosensports.net\/#website\"},\"primaryImageOfPage\":{\"@id\":\"https:\/\/chosensports.net\/tr\/sportif-danismanlik\/#primaryimage\"},\"image\":{\"@id\":\"https:\/\/chosensports.net\/tr\/sportif-danismanlik\/#primaryimage\"},\"thumbnailUrl\":\"https:\/\/chosensports.net\/wp-content\/uploads\/2025\/09\/6-1.png\",\"datePublished\":\"2025-09-02T15:15:12+00:00\",\"dateModified\":\"2025-09-06T21:35:48+00:00\",\"breadcrumb\":{\"@id\":\"https:\/\/chosensports.net\/tr\/sportif-danismanlik\/#breadcrumb\"},\"inLanguage\":\"tr\",\"potentialAction\":[{\"@type\":\"ReadAction\",\"target\":[\"https:\/\/chosensports.net\/tr\/sportif-danismanlik\/\"]}]},{\"@type\":\"ImageObject\",\"inLanguage\":\"tr\",\"@id\":\"https:\/\/chosensports.net\/tr\/sportif-danismanlik\/#primaryimage\",\"url\":\"https:\/\/chosensports.net\/wp-content\/uploads\/2025\/09\/6-1.png\",\"contentUrl\":\"https:\/\/chosensports.net\/wp-content\/uploads\/2025\/09\/6-1.png\"},{\"@type\":\"BreadcrumbList\",\"@id\":\"https:\/\/chosensports.net\/tr\/sportif-danismanlik\/#breadcrumb\",\"itemListElement\":[{\"@type\":\"ListItem\",\"position\":1,\"name\":\"Home\",\"item\":\"https:\/\/chosensports.net\/\"},{\"@type\":\"ListItem\",\"position\":2,\"name\":\"Sportif Dan\u0131\u015fmanl\u0131k\"}]},{\"@type\":\"WebSite\",\"@id\":\"https:\/\/chosensports.net\/#website\",\"url\":\"https:\/\/chosensports.net\/\",\"name\":\"Chosen Sports\",\"description\":\"\",\"publisher\":{\"@id\":\"https:\/\/chosensports.net\/#organization\"},\"potentialAction\":[{\"@type\":\"SearchAction\",\"target\":{\"@type\":\"EntryPoint\",\"urlTemplate\":\"https:\/\/chosensports.net\/?s={search_term_string}\"},\"query-input\":{\"@type\":\"PropertyValueSpecification\",\"valueRequired\":true,\"valueName\":\"search_term_string\"}}],\"inLanguage\":\"tr\"},{\"@type\":\"Organization\",\"@id\":\"https:\/\/chosensports.net\/#organization\",\"name\":\"Chosen Sports\",\"url\":\"https:\/\/chosensports.net\/\",\"logo\":{\"@type\":\"ImageObject\",\"inLanguage\":\"tr\",\"@id\":\"https:\/\/chosensports.net\/#\/schema\/logo\/image\/\",\"url\":\"https:\/\/chosensports.net\/wp-content\/uploads\/2025\/09\/jjhjh-e1756822167242.png\",\"contentUrl\":\"https:\/\/chosensports.net\/wp-content\/uploads\/2025\/09\/jjhjh-e1756822167242.png\",\"width\":400,\"height\":151,\"caption\":\"Chosen Sports\"},\"image\":{\"@id\":\"https:\/\/chosensports.net\/#\/schema\/logo\/image\/\"}}]}<\/script>\n<!-- \/ Yoast SEO plugin. -->","yoast_head_json":{"title":"Sportif Dan\u0131\u015fmanl\u0131k - Chosen Sports","robots":{"index":"index","follow":"follow","max-snippet":"max-snippet:-1","max-image-preview":"max-image-preview:large","max-video-preview":"max-video-preview:-1"},"canonical":"https:\/\/chosensports.net\/tr\/sportif-danismanlik\/","og_locale":"tr_TR","og_type":"article","og_title":"Sportif Dan\u0131\u015fmanl\u0131k - Chosen Sports","og_description":"Sportif Dan\u0131\u015fmanl\u0131k Sportif dan\u0131\u015fman, bir spor kul\u00fcb\u00fcnde \u00f6nemli bir rol \u00fcstlenen profesyoneldir. Genellikle kul\u00fcb\u00fcn mevcut durumda kar\u015f\u0131la\u015ft\u0131\u011f\u0131 sorunlar\u0131 analiz ederek, geli\u015fim f\u0131rsatlar\u0131n\u0131 belirleyerek ve stratejik kararlar alarak kul\u00fcb\u00fcn daha iyi bir performans g\u00f6stermesine yard\u0131mc\u0131 olur. \u0130\u015fte sportif dan\u0131\u015fman\u0131n spor kul\u00fcb\u00fcndeki ba\u015fl\u0131ca g\u00f6revleri: Performans Analizi: Sportif dan\u0131\u015fman, sporcular\u0131n ve tak\u0131mlar\u0131n performans\u0131n\u0131 de\u011ferlendirir. Antrenman s\u00fcre\u00e7lerini ve ma\u00e7 [&hellip;]","og_url":"https:\/\/chosensports.net\/tr\/sportif-danismanlik\/","og_site_name":"Chosen Sports","article_modified_time":"2025-09-06T21:35:48+00:00","og_image":[{"url":"https:\/\/chosensports.net\/wp-content\/uploads\/2025\/09\/6-1.png","type":"","width":"","height":""}],"twitter_card":"summary_large_image","twitter_misc":{"Tahmini okuma s\u00fcresi":"2 dakika"},"schema":{"@context":"https:\/\/schema.org","@graph":[{"@type":"WebPage","@id":"https:\/\/chosensports.net\/tr\/sportif-danismanlik\/","url":"https:\/\/chosensports.net\/tr\/sportif-danismanlik\/","name":"Sportif Dan\u0131\u015fmanl\u0131k - Chosen Sports","isPartOf":{"@id":"https:\/\/chosensports.net\/#website"},"primaryImageOfPage":{"@id":"https:\/\/chosensports.net\/tr\/sportif-danismanlik\/#primaryimage"},"image":{"@id":"https:\/\/chosensports.net\/tr\/sportif-danismanlik\/#primaryimage"},"thumbnailUrl":"https:\/\/chosensports.net\/wp-content\/uploads\/2025\/09\/6-1.png","datePublished":"2025-09-02T15:15:12+00:00","dateModified":"2025-09-06T21:35:48+00:00","breadcrumb":{"@id":"https:\/\/chosensports.net\/tr\/sportif-danismanlik\/#breadcrumb"},"inLanguage":"tr","potentialAction":[{"@type":"ReadAction","target":["https:\/\/chosensports.net\/tr\/sportif-danismanlik\/"]}]},{"@type":"ImageObject","inLanguage":"tr","@id":"https:\/\/chosensports.net\/tr\/sportif-danismanlik\/#primaryimage","url":"https:\/\/chosensports.net\/wp-content\/uploads\/2025\/09\/6-1.png","contentUrl":"https:\/\/chosensports.net\/wp-content\/uploads\/2025\/09\/6-1.png"},{"@type":"BreadcrumbList","@id":"https:\/\/chosensports.net\/tr\/sportif-danismanlik\/#breadcrumb","itemListElement":[{"@type":"ListItem","position":1,"name":"Home","item":"https:\/\/chosensports.net\/"},{"@type":"ListItem","position":2,"name":"Sportif Dan\u0131\u015fmanl\u0131k"}]},{"@type":"WebSite","@id":"https:\/\/chosensports.net\/#website","url":"https:\/\/chosensports.net\/","name":"Chosen Sports","description":"","publisher":{"@id":"https:\/\/chosensports.net\/#organization"},"potentialAction":[{"@type":"SearchAction","target":{"@type":"EntryPoint","urlTemplate":"https:\/\/chosensports.net\/?s={search_term_string}"},"query-input":{"@type":"PropertyValueSpecification","valueRequired":true,"valueName":"search_term_string"}}],"inLanguage":"tr"},{"@type":"Organization","@id":"https:\/\/chosensports.net\/#organization","name":"Chosen Sports","url":"https:\/\/chosensports.net\/","logo":{"@type":"ImageObject","inLanguage":"tr","@id":"https:\/\/chosensports.net\/#\/schema\/logo\/image\/","url":"https:\/\/chosensports.net\/wp-content\/uploads\/2025\/09\/jjhjh-e1756822167242.png","contentUrl":"https:\/\/chosensports.net\/wp-content\/uploads\/2025\/09\/jjhjh-e1756822167242.png","width":400,"height":151,"caption":"Chosen Sports"},"image":{"@id":"https:\/\/chosensports.net\/#\/schema\/logo\/image\/"}}]}},"_links":{"self":[{"href":"https:\/\/chosensports.net\/tr\/wp-json\/wp\/v2\/pages\/606","targetHints":{"allow":["GET"]}}],"collection":[{"href":"https:\/\/chosensports.net\/tr\/wp-json\/wp\/v2\/pages"}],"about":[{"href":"https:\/\/chosensports.net\/tr\/wp-json\/wp\/v2\/types\/page"}],"author":[{"embeddable":true,"href":"https:\/\/chosensports.net\/tr\/wp-json\/wp\/v2\/users\/1"}],"replies":[{"embeddable":true,"href":"https:\/\/chosensports.net\/tr\/wp-json\/wp\/v2\/comments?post=606"}],"version-history":[{"count":5,"href":"https:\/\/chosensports.net\/tr\/wp-json\/wp\/v2\/pages\/606\/revisions"}],"predecessor-version":[{"id":620,"href":"https:\/\/chosensports.net\/tr\/wp-json\/wp\/v2\/pages\/606\/revisions\/620"}],"wp:attachment":[{"href":"https:\/\/chosensports.net\/tr\/wp-json\/wp\/v2\/media?parent=606"}],"curies":[{"name":"wp","href":"https:\/\/api.w.org\/{rel}","templated":true}]}}