{"id":603,"date":"2025-08-28T19:26:50","date_gmt":"2025-08-28T16:26:50","guid":{"rendered":"https:\/\/chosensports.net\/sports-club-management\/"},"modified":"2025-09-07T00:41:02","modified_gmt":"2025-09-06T21:41:02","slug":"spor-kulubu-yonetimi","status":"publish","type":"page","link":"https:\/\/chosensports.net\/tr\/spor-kulubu-yonetimi\/","title":{"rendered":"Spor Kul\u00fcb\u00fc Y\u00f6netimi"},"content":{"rendered":"\t\t<div data-elementor-type=\"wp-page\" data-elementor-id=\"603\" class=\"elementor elementor-603 elementor-98\" data-elementor-settings=\"{&quot;element_pack_global_tooltip_width&quot;:{&quot;unit&quot;:&quot;px&quot;,&quot;size&quot;:&quot;&quot;,&quot;sizes&quot;:[]},&quot;element_pack_global_tooltip_width_tablet&quot;:{&quot;unit&quot;:&quot;px&quot;,&quot;size&quot;:&quot;&quot;,&quot;sizes&quot;:[]},&quot;element_pack_global_tooltip_width_mobile&quot;:{&quot;unit&quot;:&quot;px&quot;,&quot;size&quot;:&quot;&quot;,&quot;sizes&quot;:[]},&quot;element_pack_global_tooltip_padding&quot;:{&quot;unit&quot;:&quot;px&quot;,&quot;top&quot;:&quot;&quot;,&quot;right&quot;:&quot;&quot;,&quot;bottom&quot;:&quot;&quot;,&quot;left&quot;:&quot;&quot;,&quot;isLinked&quot;:true},&quot;element_pack_global_tooltip_padding_tablet&quot;:{&quot;unit&quot;:&quot;px&quot;,&quot;top&quot;:&quot;&quot;,&quot;right&quot;:&quot;&quot;,&quot;bottom&quot;:&quot;&quot;,&quot;left&quot;:&quot;&quot;,&quot;isLinked&quot;:true},&quot;element_pack_global_tooltip_padding_mobile&quot;:{&quot;unit&quot;:&quot;px&quot;,&quot;top&quot;:&quot;&quot;,&quot;right&quot;:&quot;&quot;,&quot;bottom&quot;:&quot;&quot;,&quot;left&quot;:&quot;&quot;,&quot;isLinked&quot;:true},&quot;element_pack_global_tooltip_border_radius&quot;:{&quot;unit&quot;:&quot;px&quot;,&quot;top&quot;:&quot;&quot;,&quot;right&quot;:&quot;&quot;,&quot;bottom&quot;:&quot;&quot;,&quot;left&quot;:&quot;&quot;,&quot;isLinked&quot;:true},&quot;element_pack_global_tooltip_border_radius_tablet&quot;:{&quot;unit&quot;:&quot;px&quot;,&quot;top&quot;:&quot;&quot;,&quot;right&quot;:&quot;&quot;,&quot;bottom&quot;:&quot;&quot;,&quot;left&quot;:&quot;&quot;,&quot;isLinked&quot;:true},&quot;element_pack_global_tooltip_border_radius_mobile&quot;:{&quot;unit&quot;:&quot;px&quot;,&quot;top&quot;:&quot;&quot;,&quot;right&quot;:&quot;&quot;,&quot;bottom&quot;:&quot;&quot;,&quot;left&quot;:&quot;&quot;,&quot;isLinked&quot;:true}}\" data-elementor-post-type=\"page\">\n\t\t\t\t<div class=\"elementor-element elementor-element-494d5dac e-flex e-con-boxed e-con e-parent\" data-id=\"494d5dac\" data-element_type=\"container\" data-settings=\"{&quot;background_background&quot;:&quot;classic&quot;}\">\n\t\t\t\t\t<div class=\"e-con-inner\">\n\t\t<div class=\"elementor-element elementor-element-3c829239 e-con-full e-flex e-con e-child\" data-id=\"3c829239\" data-element_type=\"container\">\n\t\t<div class=\"elementor-element elementor-element-1c4b9b8d e-con-full e-flex e-con e-child\" data-id=\"1c4b9b8d\" data-element_type=\"container\">\n\t\t\t\t<div class=\"elementor-element elementor-element-2744eb3e elementor-invisible elementor-widget elementor-widget-heading\" data-id=\"2744eb3e\" data-element_type=\"widget\" data-settings=\"{&quot;_animation_delay&quot;:&quot;0&quot;,&quot;_animation&quot;:&quot;fadeInLeft&quot;}\" data-widget_type=\"heading.default\">\n\t\t\t\t\t<h1 class=\"elementor-heading-title elementor-size-default\">Spor kul\u00fcb\u00fc <\/h1>\t\t\t\t<\/div>\n\t\t\t\t<div class=\"elementor-element elementor-element-69587a2a elementor-invisible elementor-widget elementor-widget-heading\" data-id=\"69587a2a\" data-element_type=\"widget\" data-settings=\"{&quot;_animation_delay&quot;:&quot;0&quot;,&quot;_animation&quot;:&quot;fadeInRight&quot;}\" data-widget_type=\"heading.default\">\n\t\t\t\t\t<h1 class=\"elementor-heading-title elementor-size-default\">Y\u00f6netimi<\/h1>\t\t\t\t<\/div>\n\t\t\t\t<\/div>\n\t\t<div class=\"elementor-element elementor-element-2cd13ac8 e-con-full e-flex e-con e-child\" data-id=\"2cd13ac8\" data-element_type=\"container\">\n\t\t\t\t<div class=\"elementor-element elementor-element-32ff285f  ui-split-animate ui-splitby-chars elementor-widget elementor-widget-text-editor\" data-id=\"32ff285f\" data-element_type=\"widget\" data-settings=\"{&quot;ui_animate_split&quot;:&quot;ui-split-animate&quot;,&quot;ui_animate_split_style&quot;:&quot;fadeIn&quot;,&quot;ui_animate_split_by&quot;:&quot;chars&quot;}\" data-widget_type=\"text-editor.default\">\n\t\t\t\t\t\t\t\t\t<p>Spor kul\u00fcb\u00fc y\u00f6netimi, bir spor kul\u00fcb\u00fcn\u00fcn ba\u015far\u0131s\u0131 ve s\u00fcrd\u00fcr\u00fclebilirli\u011fi a\u00e7\u0131s\u0131ndan kritik bir rol oynamaktad\u0131r. Bu y\u00f6netim, kul\u00fcb\u00fcn altyap\u0131s\u0131ndan mali durumuna, pazarlama stratejilerinden sportif hedeflerine kadar bir\u00e7ok farkl\u0131 unsuru kapsar. Spor kul\u00fcb\u00fc y\u00f6netiminin \u00f6nemini belirten birka\u00e7 ba\u015fl\u0131ca nokta:<\/p>\t\t\t\t\t\t\t\t<\/div>\n\t\t\t\t<\/div>\n\t\t\t\t<\/div>\n\t\t\t\t\t<\/div>\n\t\t\t\t<\/div>\n\t\t<div class=\"elementor-element elementor-element-a5a557d e-flex e-con-boxed e-con e-parent\" data-id=\"a5a557d\" data-element_type=\"container\">\n\t\t\t\t\t<div class=\"e-con-inner\">\n\t\t\t\t<div class=\"elementor-element elementor-element-ce51589 elementor-widget elementor-widget-text-editor\" data-id=\"ce51589\" data-element_type=\"widget\" data-widget_type=\"text-editor.default\">\n\t\t\t\t\t\t\t\t\t<ul><li><p><strong>Stratejik Planlama:<\/strong> \u0130yi bir y\u00f6netim, kul\u00fcb\u00fcn uzun vadeli hedeflerini belirleyerek, bu hedeflere ula\u015fmak i\u00e7in gerekli stratejileri geli\u015ftirir. Bu, kul\u00fcb\u00fcn b\u00fcy\u00fcmesi ve rekabet g\u00fcc\u00fcn\u00fcn artmas\u0131 a\u00e7\u0131s\u0131ndan \u00f6nemlidir.<\/p><\/li><li><p><strong>Mali Y\u00f6netim:<\/strong> Spor kul\u00fcpleri genellikle b\u00fcy\u00fck mali kaynaklara sahip olma ihtiyac\u0131 duyar. Y\u00f6netim, b\u00fct\u00e7e planlamas\u0131, sponsorluk anla\u015fmalar\u0131 ve gelir art\u0131r\u0131c\u0131 projelerle kul\u00fcb\u00fcn mali istikrar\u0131n\u0131 sa\u011flamal\u0131d\u0131r.<\/p><\/li><li><p><strong>Altyap\u0131 Geli\u015fimi:<\/strong> \u0130yi bir spor kul\u00fcb\u00fc y\u00f6netimi, gen\u00e7 yeteneklerin ke\u015ffedilmesi ve geli\u015ftirilmesi i\u00e7in altyap\u0131 \u00e7al\u0131\u015fmalar\u0131na \u00f6nem verir. Bu sayede hem kul\u00fcb\u00fcn gelece\u011fi g\u00fcvence alt\u0131na al\u0131n\u0131r hem de topluma de\u011ferli sporcular kazand\u0131r\u0131l\u0131r.<\/p><\/li><li><p><strong>\u0130leti\u015fim ve \u015eeffafl\u0131k:<\/strong> Kul\u00fcp y\u00f6netimi, sporcular, teknik ekip ve taraftarlar aras\u0131nda etkili bir ileti\u015fim sa\u011flamal\u0131d\u0131r. \u015eeffafl\u0131k, taraftarlar\u0131n ve di\u011fer payda\u015flar\u0131n kul\u00fcbe olan g\u00fcvenini art\u0131r\u0131r.<\/p><\/li><li><p><strong>Rekabet Avantaj\u0131:<\/strong> \u0130yi y\u00f6netilen bir spor kul\u00fcb\u00fc, rakiplerini geride b\u0131rakmak i\u00e7in gerekli t\u00fcm kaynaklar\u0131 ve f\u0131rsatlar\u0131 etkin bir \u015fekilde kullan\u0131r. Bu, sportif ba\u015far\u0131n\u0131n yan\u0131 s\u0131ra kul\u00fcb\u00fcn marka de\u011ferini de art\u0131r\u0131r.<\/p><\/li><li><p><strong>Sosyal Sorumluluk:<\/strong> Spor kul\u00fcpleri, bulunduklar\u0131 topluma kar\u015f\u0131 sorumluluk ta\u015f\u0131yan kurulu\u015flard\u0131r. Y\u00f6netim, sosyal sorumluluk projeleri ile kul\u00fcb\u00fcn itibar\u0131n\u0131 g\u00fc\u00e7lendirebilir ve topluma katk\u0131da bulunabilir.<\/p><\/li><li><p><strong>Krize M\u00fcdahale Yetene\u011fi:<\/strong> Spor kul\u00fcpleri, beklenmedik durumlarla kar\u015f\u0131la\u015fabilir. \u0130yi bir y\u00f6netim, bu t\u00fcr kriz anlar\u0131nda h\u0131zl\u0131 ve etkili kararlar alarak kul\u00fcb\u00fc zor zamanlardan \u00e7\u0131karabilir<\/p><p>Sonu\u00e7 olarak, spor kul\u00fcb\u00fc y\u00f6netimi, sadece spor alan\u0131nda de\u011fil, ayn\u0131 zamanda kul\u00fcb\u00fcn t\u00fcm y\u00f6nlerini etkileme kapasitesine sahip bir yap\u0131dad\u0131r. Do\u011fru y\u00f6netim, kul\u00fcb\u00fcn ba\u015far\u0131s\u0131n\u0131 art\u0131r\u0131rken, sporun yayg\u0131nla\u015fmas\u0131na ve topluma olumlu katk\u0131larda bulunmas\u0131na da destek olur.<\/p><p>Chosen Sports Management, tecr\u00fcbeli spor y\u00f6netim dan\u0131\u015fmanlar\u0131 ile amat\u00f6r ve profesyonel t\u00fcm spor kul\u00fcplerine finans, y\u00f6netim ve planlama, ileti\u015fim alanlar\u0131nda destek vermeyi hedefler.<\/p><p>\u00a0<\/p><p>\u00a0<\/p><p>\u00a0<\/p><p>\u00a0<\/p><\/li><\/ul>\t\t\t\t\t\t\t\t<\/div>\n\t\t<div class=\"elementor-element elementor-element-6777a919 e-con-full e-flex e-con e-child\" data-id=\"6777a919\" data-element_type=\"container\">\n\t\t<div class=\"elementor-element elementor-element-12591dda e-con-full e-flex e-con e-child\" data-id=\"12591dda\" data-element_type=\"container\">\n\t\t\t\t<div class=\"elementor-element elementor-element-6dfc7da4 elementor-invisible elementor-widget elementor-widget-image-carousel\" data-id=\"6dfc7da4\" data-element_type=\"widget\" data-settings=\"{&quot;slides_to_show&quot;:&quot;2&quot;,&quot;slides_to_show_mobile&quot;:&quot;2&quot;,&quot;navigation&quot;:&quot;none&quot;,&quot;image_spacing_custom&quot;:{&quot;unit&quot;:&quot;px&quot;,&quot;size&quot;:16,&quot;sizes&quot;:[]},&quot;_animation_delay&quot;:&quot;600&quot;,&quot;_animation&quot;:&quot;fadeInLeft&quot;,&quot;autoplay&quot;:&quot;yes&quot;,&quot;pause_on_hover&quot;:&quot;yes&quot;,&quot;pause_on_interaction&quot;:&quot;yes&quot;,&quot;autoplay_speed&quot;:5000,&quot;infinite&quot;:&quot;yes&quot;,&quot;speed&quot;:500,&quot;image_spacing_custom_tablet&quot;:{&quot;unit&quot;:&quot;px&quot;,&quot;size&quot;:&quot;&quot;,&quot;sizes&quot;:[]},&quot;image_spacing_custom_mobile&quot;:{&quot;unit&quot;:&quot;px&quot;,&quot;size&quot;:&quot;&quot;,&quot;sizes&quot;:[]}}\" data-widget_type=\"image-carousel.default\">\n\t\t\t\t\t\t\t<div class=\"elementor-image-carousel-wrapper swiper\" role=\"region\" aria-roledescription=\"carousel\" aria-label=\"Image Carousel\" dir=\"ltr\">\n\t\t\t<div class=\"elementor-image-carousel swiper-wrapper\" aria-live=\"off\">\n\t\t\t\t\t\t\t\t<div class=\"swiper-slide\" role=\"group\" aria-roledescription=\"slide\" aria-label=\"1 \/ 4\"><figure class=\"swiper-slide-inner\"><img decoding=\"async\" class=\"swiper-slide-image\" src=\"https:\/\/chosensports.net\/wp-content\/uploads\/2025\/09\/11-1.png\" alt=\"11\" \/><\/figure><\/div><div class=\"swiper-slide\" role=\"group\" aria-roledescription=\"slide\" aria-label=\"2 \/ 4\"><figure class=\"swiper-slide-inner\"><img decoding=\"async\" class=\"swiper-slide-image\" src=\"https:\/\/chosensports.net\/wp-content\/uploads\/2025\/09\/12.png\" alt=\"12\" \/><\/figure><\/div><div class=\"swiper-slide\" role=\"group\" aria-roledescription=\"slide\" aria-label=\"3 \/ 4\"><figure class=\"swiper-slide-inner\"><img decoding=\"async\" class=\"swiper-slide-image\" src=\"https:\/\/chosensports.net\/wp-content\/uploads\/2025\/09\/14.png\" alt=\"14\" \/><\/figure><\/div><div class=\"swiper-slide\" role=\"group\" aria-roledescription=\"slide\" aria-label=\"4 \/ 4\"><figure class=\"swiper-slide-inner\"><img decoding=\"async\" class=\"swiper-slide-image\" src=\"https:\/\/chosensports.net\/wp-content\/uploads\/2025\/09\/18.png\" alt=\"18\" \/><\/figure><\/div>\t\t\t<\/div>\n\t\t\t\t\t\t\t\n\t\t\t\t\t\t\t\t\t<\/div>\n\t\t\t\t\t\t<\/div>\n\t\t\t\t<\/div>\n\t\t<div class=\"elementor-element elementor-element-f6488bd e-con-full e-flex elementor-invisible e-con e-child\" data-id=\"f6488bd\" data-element_type=\"container\" data-settings=\"{&quot;animation_delay&quot;:&quot;600&quot;,&quot;animation&quot;:&quot;fadeInRight&quot;}\">\n\t\t\t\t<div class=\"elementor-element elementor-element-8044b85 elementor-widget elementor-widget-heading\" data-id=\"8044b85\" data-element_type=\"widget\" data-widget_type=\"heading.default\">\n\t\t\t\t\t<h3 class=\"elementor-heading-title elementor-size-default\">Spor Y\u00f6netiminde 360 Derece Hizmet<\/h3>\t\t\t\t<\/div>\n\t\t\t\t<div class=\"elementor-element elementor-element-22f8d0a elementor-widget__width-initial elementor-widget-mobile__width-inherit elementor-widget elementor-widget-text-editor\" data-id=\"22f8d0a\" data-element_type=\"widget\" data-widget_type=\"text-editor.default\">\n\t\t\t\t\t\t\t\t\t<article class=\"text-token-text-primary w-full focus:outline-none scroll-mt-[calc(var(--header-height)+min(200px,max(70px,20svh)))]\" dir=\"auto\" tabindex=\"-1\" data-turn-id=\"50c4696b-3b4e-4564-8a8f-5c6ef5c104f0\" data-testid=\"conversation-turn-88\" data-scroll-anchor=\"true\" data-turn=\"assistant\"><div class=\"text-base my-auto mx-auto pb-10 [--thread-content-margin:--spacing(4)] thread-sm:[--thread-content-margin:--spacing(6)] thread-lg:[--thread-content-margin:--spacing(16)] px-(--thread-content-margin)\"><div class=\"[--thread-content-max-width:40rem] thread-sm:[--thread-content-max-width:40rem] thread-lg:[--thread-content-max-width:48rem] mx-auto max-w-(--thread-content-max-width) flex-1 group\/turn-messages focus-visible:outline-hidden relative flex w-full min-w-0 flex-col agent-turn\" tabindex=\"-1\"><div class=\"flex max-w-full flex-col grow\"><div class=\"min-h-8 text-message relative flex w-full flex-col items-end gap-2 text-start break-words whitespace-normal [.text-message+&amp;]:mt-5\" dir=\"auto\" data-message-author-role=\"assistant\" data-message-id=\"c2a6306a-0223-421b-bf8c-a3243dd4b130\" data-message-model-slug=\"gpt-5-mini\"><div class=\"flex w-full flex-col gap-1 empty:hidden first:pt-[3px]\"><div class=\"markdown prose dark:prose-invert w-full break-words dark markdown-new-styling\"><p data-start=\"66\" data-end=\"199\" data-is-last-node=\"\" data-is-only-node=\"\">Profesyonel y\u00f6netimden modern ekipmanlara, kamplardan organizasyonlara kadar ba\u015far\u0131 i\u00e7in ihtiyac\u0131n\u0131z olan her \u015fey burada.<\/p><\/div><\/div><\/div><\/div><\/div><\/div><\/article>\t\t\t\t\t\t\t\t<\/div>\n\t\t\t\t<div class=\"elementor-element elementor-element-15a14b6 elementor-widget elementor-widget-button\" data-id=\"15a14b6\" data-element_type=\"widget\" data-widget_type=\"button.default\">\n\t\t\t\t\t\t\t\t\t\t<a class=\"elementor-button elementor-button-link elementor-size-sm\" href=\"https:\/\/chosensports.net\/tr\/iletisim\/#form\">\n\t\t\t\t\t\t<span class=\"elementor-button-content-wrapper\">\n\t\t\t\t\t\t\t\t\t<span class=\"elementor-button-text\">\u0130LET\u0130\u015e\u0130M<\/span>\n\t\t\t\t\t<\/span>\n\t\t\t\t\t<\/a>\n\t\t\t\t\t\t\t\t<\/div>\n\t\t\t\t<\/div>\n\t\t\t\t<\/div>\n\t\t\t\t\t<\/div>\n\t\t\t\t<\/div>\n\t\t\t\t<\/div>\n\t\t","protected":false},"excerpt":{"rendered":"<p>Spor kul\u00fcb\u00fc Y\u00f6netimi Spor kul\u00fcb\u00fc y\u00f6netimi, bir spor kul\u00fcb\u00fcn\u00fcn ba\u015far\u0131s\u0131 ve s\u00fcrd\u00fcr\u00fclebilirli\u011fi a\u00e7\u0131s\u0131ndan kritik bir rol oynamaktad\u0131r. Bu y\u00f6netim, kul\u00fcb\u00fcn altyap\u0131s\u0131ndan mali durumuna, pazarlama stratejilerinden sportif hedeflerine kadar bir\u00e7ok farkl\u0131 unsuru kapsar. Spor kul\u00fcb\u00fc y\u00f6netiminin \u00f6nemini belirten birka\u00e7 ba\u015fl\u0131ca nokta: Stratejik Planlama: \u0130yi bir y\u00f6netim, kul\u00fcb\u00fcn uzun vadeli hedeflerini belirleyerek, bu hedeflere ula\u015fmak i\u00e7in gerekli [&hellip;]<\/p>\n","protected":false},"author":1,"featured_media":0,"parent":0,"menu_order":0,"comment_status":"closed","ping_status":"closed","template":"","meta":{"footnotes":""},"class_list":["post-603","page","type-page","status-publish","hentry"],"yoast_head":"<!-- This site is optimized with the Yoast SEO plugin v25.9 - https:\/\/yoast.com\/wordpress\/plugins\/seo\/ -->\n<title>Spor Kul\u00fcb\u00fc Y\u00f6netimi - Chosen Sports<\/title>\n<meta name=\"robots\" content=\"index, follow, max-snippet:-1, max-image-preview:large, max-video-preview:-1\" \/>\n<link rel=\"canonical\" href=\"https:\/\/chosensports.net\/tr\/spor-kulubu-yonetimi\/\" \/>\n<meta property=\"og:locale\" content=\"tr_TR\" \/>\n<meta property=\"og:type\" content=\"article\" \/>\n<meta property=\"og:title\" content=\"Spor Kul\u00fcb\u00fc Y\u00f6netimi - Chosen Sports\" \/>\n<meta property=\"og:description\" content=\"Spor kul\u00fcb\u00fc Y\u00f6netimi Spor kul\u00fcb\u00fc y\u00f6netimi, bir spor kul\u00fcb\u00fcn\u00fcn ba\u015far\u0131s\u0131 ve s\u00fcrd\u00fcr\u00fclebilirli\u011fi a\u00e7\u0131s\u0131ndan kritik bir rol oynamaktad\u0131r. Bu y\u00f6netim, kul\u00fcb\u00fcn altyap\u0131s\u0131ndan mali durumuna, pazarlama stratejilerinden sportif hedeflerine kadar bir\u00e7ok farkl\u0131 unsuru kapsar. Spor kul\u00fcb\u00fc y\u00f6netiminin \u00f6nemini belirten birka\u00e7 ba\u015fl\u0131ca nokta: Stratejik Planlama: \u0130yi bir y\u00f6netim, kul\u00fcb\u00fcn uzun vadeli hedeflerini belirleyerek, bu hedeflere ula\u015fmak i\u00e7in gerekli [&hellip;]\" \/>\n<meta property=\"og:url\" content=\"https:\/\/chosensports.net\/tr\/spor-kulubu-yonetimi\/\" \/>\n<meta property=\"og:site_name\" content=\"Chosen Sports\" \/>\n<meta property=\"article:modified_time\" content=\"2025-09-06T21:41:02+00:00\" \/>\n<meta property=\"og:image\" content=\"https:\/\/chosensports.net\/wp-content\/uploads\/2025\/09\/11-1.png\" \/>\n<meta name=\"twitter:card\" content=\"summary_large_image\" \/>\n<meta name=\"twitter:label1\" content=\"Tahmini okuma s\u00fcresi\" \/>\n\t<meta name=\"twitter:data1\" content=\"2 dakika\" \/>\n<script type=\"application\/ld+json\" class=\"yoast-schema-graph\">{\"@context\":\"https:\/\/schema.org\",\"@graph\":[{\"@type\":\"WebPage\",\"@id\":\"https:\/\/chosensports.net\/tr\/spor-kulubu-yonetimi\/\",\"url\":\"https:\/\/chosensports.net\/tr\/spor-kulubu-yonetimi\/\",\"name\":\"Spor Kul\u00fcb\u00fc Y\u00f6netimi - Chosen Sports\",\"isPartOf\":{\"@id\":\"https:\/\/chosensports.net\/#website\"},\"primaryImageOfPage\":{\"@id\":\"https:\/\/chosensports.net\/tr\/spor-kulubu-yonetimi\/#primaryimage\"},\"image\":{\"@id\":\"https:\/\/chosensports.net\/tr\/spor-kulubu-yonetimi\/#primaryimage\"},\"thumbnailUrl\":\"https:\/\/chosensports.net\/wp-content\/uploads\/2025\/09\/11-1.png\",\"datePublished\":\"2025-08-28T16:26:50+00:00\",\"dateModified\":\"2025-09-06T21:41:02+00:00\",\"breadcrumb\":{\"@id\":\"https:\/\/chosensports.net\/tr\/spor-kulubu-yonetimi\/#breadcrumb\"},\"inLanguage\":\"tr\",\"potentialAction\":[{\"@type\":\"ReadAction\",\"target\":[\"https:\/\/chosensports.net\/tr\/spor-kulubu-yonetimi\/\"]}]},{\"@type\":\"ImageObject\",\"inLanguage\":\"tr\",\"@id\":\"https:\/\/chosensports.net\/tr\/spor-kulubu-yonetimi\/#primaryimage\",\"url\":\"https:\/\/chosensports.net\/wp-content\/uploads\/2025\/09\/11-1.png\",\"contentUrl\":\"https:\/\/chosensports.net\/wp-content\/uploads\/2025\/09\/11-1.png\"},{\"@type\":\"BreadcrumbList\",\"@id\":\"https:\/\/chosensports.net\/tr\/spor-kulubu-yonetimi\/#breadcrumb\",\"itemListElement\":[{\"@type\":\"ListItem\",\"position\":1,\"name\":\"Home\",\"item\":\"https:\/\/chosensports.net\/\"},{\"@type\":\"ListItem\",\"position\":2,\"name\":\"Spor Kul\u00fcb\u00fc Y\u00f6netimi\"}]},{\"@type\":\"WebSite\",\"@id\":\"https:\/\/chosensports.net\/#website\",\"url\":\"https:\/\/chosensports.net\/\",\"name\":\"Chosen Sports\",\"description\":\"\",\"publisher\":{\"@id\":\"https:\/\/chosensports.net\/#organization\"},\"potentialAction\":[{\"@type\":\"SearchAction\",\"target\":{\"@type\":\"EntryPoint\",\"urlTemplate\":\"https:\/\/chosensports.net\/?s={search_term_string}\"},\"query-input\":{\"@type\":\"PropertyValueSpecification\",\"valueRequired\":true,\"valueName\":\"search_term_string\"}}],\"inLanguage\":\"tr\"},{\"@type\":\"Organization\",\"@id\":\"https:\/\/chosensports.net\/#organization\",\"name\":\"Chosen Sports\",\"url\":\"https:\/\/chosensports.net\/\",\"logo\":{\"@type\":\"ImageObject\",\"inLanguage\":\"tr\",\"@id\":\"https:\/\/chosensports.net\/#\/schema\/logo\/image\/\",\"url\":\"https:\/\/chosensports.net\/wp-content\/uploads\/2025\/09\/jjhjh-e1756822167242.png\",\"contentUrl\":\"https:\/\/chosensports.net\/wp-content\/uploads\/2025\/09\/jjhjh-e1756822167242.png\",\"width\":400,\"height\":151,\"caption\":\"Chosen Sports\"},\"image\":{\"@id\":\"https:\/\/chosensports.net\/#\/schema\/logo\/image\/\"}}]}<\/script>\n<!-- \/ Yoast SEO plugin. -->","yoast_head_json":{"title":"Spor Kul\u00fcb\u00fc Y\u00f6netimi - Chosen Sports","robots":{"index":"index","follow":"follow","max-snippet":"max-snippet:-1","max-image-preview":"max-image-preview:large","max-video-preview":"max-video-preview:-1"},"canonical":"https:\/\/chosensports.net\/tr\/spor-kulubu-yonetimi\/","og_locale":"tr_TR","og_type":"article","og_title":"Spor Kul\u00fcb\u00fc Y\u00f6netimi - Chosen Sports","og_description":"Spor kul\u00fcb\u00fc Y\u00f6netimi Spor kul\u00fcb\u00fc y\u00f6netimi, bir spor kul\u00fcb\u00fcn\u00fcn ba\u015far\u0131s\u0131 ve s\u00fcrd\u00fcr\u00fclebilirli\u011fi a\u00e7\u0131s\u0131ndan kritik bir rol oynamaktad\u0131r. Bu y\u00f6netim, kul\u00fcb\u00fcn altyap\u0131s\u0131ndan mali durumuna, pazarlama stratejilerinden sportif hedeflerine kadar bir\u00e7ok farkl\u0131 unsuru kapsar. Spor kul\u00fcb\u00fc y\u00f6netiminin \u00f6nemini belirten birka\u00e7 ba\u015fl\u0131ca nokta: Stratejik Planlama: \u0130yi bir y\u00f6netim, kul\u00fcb\u00fcn uzun vadeli hedeflerini belirleyerek, bu hedeflere ula\u015fmak i\u00e7in gerekli [&hellip;]","og_url":"https:\/\/chosensports.net\/tr\/spor-kulubu-yonetimi\/","og_site_name":"Chosen Sports","article_modified_time":"2025-09-06T21:41:02+00:00","og_image":[{"url":"https:\/\/chosensports.net\/wp-content\/uploads\/2025\/09\/11-1.png","type":"","width":"","height":""}],"twitter_card":"summary_large_image","twitter_misc":{"Tahmini okuma s\u00fcresi":"2 dakika"},"schema":{"@context":"https:\/\/schema.org","@graph":[{"@type":"WebPage","@id":"https:\/\/chosensports.net\/tr\/spor-kulubu-yonetimi\/","url":"https:\/\/chosensports.net\/tr\/spor-kulubu-yonetimi\/","name":"Spor Kul\u00fcb\u00fc Y\u00f6netimi - Chosen Sports","isPartOf":{"@id":"https:\/\/chosensports.net\/#website"},"primaryImageOfPage":{"@id":"https:\/\/chosensports.net\/tr\/spor-kulubu-yonetimi\/#primaryimage"},"image":{"@id":"https:\/\/chosensports.net\/tr\/spor-kulubu-yonetimi\/#primaryimage"},"thumbnailUrl":"https:\/\/chosensports.net\/wp-content\/uploads\/2025\/09\/11-1.png","datePublished":"2025-08-28T16:26:50+00:00","dateModified":"2025-09-06T21:41:02+00:00","breadcrumb":{"@id":"https:\/\/chosensports.net\/tr\/spor-kulubu-yonetimi\/#breadcrumb"},"inLanguage":"tr","potentialAction":[{"@type":"ReadAction","target":["https:\/\/chosensports.net\/tr\/spor-kulubu-yonetimi\/"]}]},{"@type":"ImageObject","inLanguage":"tr","@id":"https:\/\/chosensports.net\/tr\/spor-kulubu-yonetimi\/#primaryimage","url":"https:\/\/chosensports.net\/wp-content\/uploads\/2025\/09\/11-1.png","contentUrl":"https:\/\/chosensports.net\/wp-content\/uploads\/2025\/09\/11-1.png"},{"@type":"BreadcrumbList","@id":"https:\/\/chosensports.net\/tr\/spor-kulubu-yonetimi\/#breadcrumb","itemListElement":[{"@type":"ListItem","position":1,"name":"Home","item":"https:\/\/chosensports.net\/"},{"@type":"ListItem","position":2,"name":"Spor Kul\u00fcb\u00fc Y\u00f6netimi"}]},{"@type":"WebSite","@id":"https:\/\/chosensports.net\/#website","url":"https:\/\/chosensports.net\/","name":"Chosen Sports","description":"","publisher":{"@id":"https:\/\/chosensports.net\/#organization"},"potentialAction":[{"@type":"SearchAction","target":{"@type":"EntryPoint","urlTemplate":"https:\/\/chosensports.net\/?s={search_term_string}"},"query-input":{"@type":"PropertyValueSpecification","valueRequired":true,"valueName":"search_term_string"}}],"inLanguage":"tr"},{"@type":"Organization","@id":"https:\/\/chosensports.net\/#organization","name":"Chosen Sports","url":"https:\/\/chosensports.net\/","logo":{"@type":"ImageObject","inLanguage":"tr","@id":"https:\/\/chosensports.net\/#\/schema\/logo\/image\/","url":"https:\/\/chosensports.net\/wp-content\/uploads\/2025\/09\/jjhjh-e1756822167242.png","contentUrl":"https:\/\/chosensports.net\/wp-content\/uploads\/2025\/09\/jjhjh-e1756822167242.png","width":400,"height":151,"caption":"Chosen Sports"},"image":{"@id":"https:\/\/chosensports.net\/#\/schema\/logo\/image\/"}}]}},"_links":{"self":[{"href":"https:\/\/chosensports.net\/tr\/wp-json\/wp\/v2\/pages\/603","targetHints":{"allow":["GET"]}}],"collection":[{"href":"https:\/\/chosensports.net\/tr\/wp-json\/wp\/v2\/pages"}],"about":[{"href":"https:\/\/chosensports.net\/tr\/wp-json\/wp\/v2\/types\/page"}],"author":[{"embeddable":true,"href":"https:\/\/chosensports.net\/tr\/wp-json\/wp\/v2\/users\/1"}],"replies":[{"embeddable":true,"href":"https:\/\/chosensports.net\/tr\/wp-json\/wp\/v2\/comments?post=603"}],"version-history":[{"count":8,"href":"https:\/\/chosensports.net\/tr\/wp-json\/wp\/v2\/pages\/603\/revisions"}],"predecessor-version":[{"id":638,"href":"https:\/\/chosensports.net\/tr\/wp-json\/wp\/v2\/pages\/603\/revisions\/638"}],"wp:attachment":[{"href":"https:\/\/chosensports.net\/tr\/wp-json\/wp\/v2\/media?parent=603"}],"curies":[{"name":"wp","href":"https:\/\/api.w.org\/{rel}","templated":true}]}}