{"id":592,"date":"2025-09-04T14:08:19","date_gmt":"2025-09-04T11:08:19","guid":{"rendered":"https:\/\/chosensports.net\/events-and-organization\/"},"modified":"2025-09-07T00:45:40","modified_gmt":"2025-09-06T21:45:40","slug":"etkinlik-ve-organizasyon","status":"publish","type":"page","link":"https:\/\/chosensports.net\/tr\/etkinlik-ve-organizasyon\/","title":{"rendered":"Etkinlik ve Organizasyon"},"content":{"rendered":"\t\t<div data-elementor-type=\"wp-page\" data-elementor-id=\"592\" class=\"elementor elementor-592 elementor-326\" data-elementor-settings=\"{&quot;element_pack_global_tooltip_width&quot;:{&quot;unit&quot;:&quot;px&quot;,&quot;size&quot;:&quot;&quot;,&quot;sizes&quot;:[]},&quot;element_pack_global_tooltip_width_tablet&quot;:{&quot;unit&quot;:&quot;px&quot;,&quot;size&quot;:&quot;&quot;,&quot;sizes&quot;:[]},&quot;element_pack_global_tooltip_width_mobile&quot;:{&quot;unit&quot;:&quot;px&quot;,&quot;size&quot;:&quot;&quot;,&quot;sizes&quot;:[]},&quot;element_pack_global_tooltip_padding&quot;:{&quot;unit&quot;:&quot;px&quot;,&quot;top&quot;:&quot;&quot;,&quot;right&quot;:&quot;&quot;,&quot;bottom&quot;:&quot;&quot;,&quot;left&quot;:&quot;&quot;,&quot;isLinked&quot;:true},&quot;element_pack_global_tooltip_padding_tablet&quot;:{&quot;unit&quot;:&quot;px&quot;,&quot;top&quot;:&quot;&quot;,&quot;right&quot;:&quot;&quot;,&quot;bottom&quot;:&quot;&quot;,&quot;left&quot;:&quot;&quot;,&quot;isLinked&quot;:true},&quot;element_pack_global_tooltip_padding_mobile&quot;:{&quot;unit&quot;:&quot;px&quot;,&quot;top&quot;:&quot;&quot;,&quot;right&quot;:&quot;&quot;,&quot;bottom&quot;:&quot;&quot;,&quot;left&quot;:&quot;&quot;,&quot;isLinked&quot;:true},&quot;element_pack_global_tooltip_border_radius&quot;:{&quot;unit&quot;:&quot;px&quot;,&quot;top&quot;:&quot;&quot;,&quot;right&quot;:&quot;&quot;,&quot;bottom&quot;:&quot;&quot;,&quot;left&quot;:&quot;&quot;,&quot;isLinked&quot;:true},&quot;element_pack_global_tooltip_border_radius_tablet&quot;:{&quot;unit&quot;:&quot;px&quot;,&quot;top&quot;:&quot;&quot;,&quot;right&quot;:&quot;&quot;,&quot;bottom&quot;:&quot;&quot;,&quot;left&quot;:&quot;&quot;,&quot;isLinked&quot;:true},&quot;element_pack_global_tooltip_border_radius_mobile&quot;:{&quot;unit&quot;:&quot;px&quot;,&quot;top&quot;:&quot;&quot;,&quot;right&quot;:&quot;&quot;,&quot;bottom&quot;:&quot;&quot;,&quot;left&quot;:&quot;&quot;,&quot;isLinked&quot;:true}}\" data-elementor-post-type=\"page\">\n\t\t\t\t<div class=\"elementor-element elementor-element-494d5dac e-flex e-con-boxed e-con e-parent\" data-id=\"494d5dac\" data-element_type=\"container\" data-settings=\"{&quot;background_background&quot;:&quot;classic&quot;}\">\n\t\t\t\t\t<div class=\"e-con-inner\">\n\t\t<div class=\"elementor-element elementor-element-3c829239 e-con-full e-flex e-con e-child\" data-id=\"3c829239\" data-element_type=\"container\">\n\t\t<div class=\"elementor-element elementor-element-1c4b9b8d e-con-full e-flex e-con e-child\" data-id=\"1c4b9b8d\" data-element_type=\"container\">\n\t\t\t\t<div class=\"elementor-element elementor-element-2744eb3e elementor-invisible elementor-widget elementor-widget-heading\" data-id=\"2744eb3e\" data-element_type=\"widget\" data-settings=\"{&quot;_animation_delay&quot;:&quot;0&quot;,&quot;_animation&quot;:&quot;fadeInLeft&quot;}\" data-widget_type=\"heading.default\">\n\t\t\t\t\t<h1 class=\"elementor-heading-title elementor-size-default\">Etkinlik ve<\/h1>\t\t\t\t<\/div>\n\t\t\t\t<div class=\"elementor-element elementor-element-69587a2a elementor-invisible elementor-widget elementor-widget-heading\" data-id=\"69587a2a\" data-element_type=\"widget\" data-settings=\"{&quot;_animation_delay&quot;:&quot;0&quot;,&quot;_animation&quot;:&quot;fadeInRight&quot;}\" data-widget_type=\"heading.default\">\n\t\t\t\t\t<h1 class=\"elementor-heading-title elementor-size-default\"> Organizasyon<\/h1>\t\t\t\t<\/div>\n\t\t\t\t<\/div>\n\t\t<div class=\"elementor-element elementor-element-2cd13ac8 e-con-full e-flex e-con e-child\" data-id=\"2cd13ac8\" data-element_type=\"container\">\n\t\t\t\t<div class=\"elementor-element elementor-element-32ff285f  ui-split-animate ui-splitby-chars elementor-widget elementor-widget-text-editor\" data-id=\"32ff285f\" data-element_type=\"widget\" data-settings=\"{&quot;ui_animate_split&quot;:&quot;ui-split-animate&quot;,&quot;ui_animate_split_style&quot;:&quot;fadeIn&quot;,&quot;ui_animate_split_by&quot;:&quot;chars&quot;}\" data-widget_type=\"text-editor.default\">\n\t\t\t\t\t\t\t\t\t<p>Spor organizasyonlar\u0131, sporun d\u00fczenlenmesi, geli\u015ftirilmesi ve yayg\u0131nla\u015ft\u0131r\u0131lmas\u0131 a\u00e7\u0131s\u0131ndan kritik bir role sahiptir. Bu organizasyonlar, amat\u00f6r ve profesyonel sporcular\u0131n, kul\u00fcplerin, taraftarlar\u0131n ve di\u011fer payda\u015flar\u0131n bir araya gelerek sporun farkl\u0131 y\u00f6nlerini desteklemelerine olanak tan\u0131r. Spor organizasyonlar\u0131n\u0131n \u00f6nemini belirten \u00e7e\u015fitli ba\u015fl\u0131ca noktalar:<\/p>\t\t\t\t\t\t\t\t<\/div>\n\t\t\t\t<\/div>\n\t\t\t\t<\/div>\n\t\t\t\t\t<\/div>\n\t\t\t\t<\/div>\n\t\t<div class=\"elementor-element elementor-element-a5a557d e-flex e-con-boxed e-con e-parent\" data-id=\"a5a557d\" data-element_type=\"container\">\n\t\t\t\t\t<div class=\"e-con-inner\">\n\t\t\t\t<div class=\"elementor-element elementor-element-ce51589 elementor-widget elementor-widget-text-editor\" data-id=\"ce51589\" data-element_type=\"widget\" data-widget_type=\"text-editor.default\">\n\t\t\t\t\t\t\t\t\t<article class=\"text-token-text-primary w-full focus:outline-none scroll-mt-[calc(var(--header-height)+min(200px,max(70px,20svh)))]\" dir=\"auto\" tabindex=\"-1\" data-turn-id=\"request-68bb6cfe-a970-8333-b7a3-1700c2e43de7-1\" data-testid=\"conversation-turn-76\" data-scroll-anchor=\"true\" data-turn=\"assistant\"><div class=\"text-base my-auto mx-auto pb-10 [--thread-content-margin:--spacing(4)] thread-sm:[--thread-content-margin:--spacing(6)] thread-lg:[--thread-content-margin:--spacing(16)] px-(--thread-content-margin)\"><div class=\"[--thread-content-max-width:40rem] thread-sm:[--thread-content-max-width:40rem] thread-lg:[--thread-content-max-width:48rem] mx-auto max-w-(--thread-content-max-width) flex-1 group\/turn-messages focus-visible:outline-hidden relative flex w-full min-w-0 flex-col agent-turn\" tabindex=\"-1\"><div class=\"flex max-w-full flex-col grow\"><div class=\"min-h-8 text-message relative flex w-full flex-col items-end gap-2 text-start break-words whitespace-normal [.text-message+&amp;]:mt-5\" dir=\"auto\" data-message-author-role=\"assistant\" data-message-id=\"606e8480-7bb4-4739-915b-c1d720e5ffa8\" data-message-model-slug=\"gpt-5-mini\"><div class=\"flex w-full flex-col gap-1 empty:hidden first:pt-[3px]\"><div class=\"markdown prose dark:prose-invert w-full break-words dark markdown-new-styling\"><ul><li data-start=\"64\" data-end=\"314\"><p><strong>D\u00fczenleme ve Standartla\u015ft\u0131rma:<\/strong> Spor organizasyonlar\u0131, farkl\u0131 spor dallar\u0131nda d\u00fczenli ve adil bir rekabet ortam\u0131 sa\u011flamak amac\u0131yla kurallar\u0131 ve standartlar\u0131 belirler. Bu, sporun kalitesini art\u0131r\u0131r ve t\u00fcm sporcular i\u00e7in e\u015fit \u015fartlar yarat\u0131r.<\/p><\/li><li data-start=\"64\" data-end=\"314\"><p><strong>Geli\u015fim ve E\u011fitim:<\/strong> Spor organizasyonlar\u0131, sporcular\u0131n ve antren\u00f6rlerin geli\u015fimlerine katk\u0131da bulunan e\u011fitim programlar\u0131 ve seminerler d\u00fczenler. Bu, daha yetkin sporcular ve antren\u00f6rler yeti\u015fmesine yard\u0131mc\u0131 olur.<\/p><\/li><li data-start=\"64\" data-end=\"314\"><p><strong>Taraftar ve Toplum Ba\u011flant\u0131s\u0131:<\/strong> Spor organizasyonlar\u0131, toplumun sporla olan ili\u015fkisini g\u00fc\u00e7lendirir. Taraftarlar\u0131 bir araya getirir, toplumsal birlik ve beraberlik duygusunu art\u0131r\u0131r ve sporun yayg\u0131nla\u015fmas\u0131n\u0131 sa\u011flar.<\/p><\/li><li data-start=\"64\" data-end=\"314\"><p><strong>Ekonomik Katk\u0131:<\/strong> Spor organizasyonlar\u0131, yerel ve ulusal ekonomilere b\u00fcy\u00fck katk\u0131larda bulunabilir. B\u00fcy\u00fck spor etkinlikleri, turizm, istihdam ve ticaret a\u00e7\u0131s\u0131ndan \u00f6nemli f\u0131rsatlar yarat\u0131r.<\/p><\/li><li data-start=\"64\" data-end=\"314\"><p><strong>Sosyal Sorumluluk ve Bilin\u00e7lendirme:<\/strong> Spor organizasyonlar\u0131, sa\u011fl\u0131k, e\u011fitim ve toplumsal sorunlar hakk\u0131nda fark\u0131ndal\u0131k yaratma amac\u0131yla sosyal sorumluluk projeleri y\u00fcr\u00fct\u00fcr. Spor arac\u0131l\u0131\u011f\u0131yla topluma de\u011ferli mesajlar iletebilir.<\/p><\/li><li data-start=\"64\" data-end=\"314\"><p><strong>Uluslararas\u0131 \u0130li\u015fkiler:<\/strong> Spor organizasyonlar\u0131, \u00fclkeler aras\u0131nda dostluk ve i\u015fbirli\u011fi ili\u015fkilerini g\u00fc\u00e7lendirebilir. Uluslararas\u0131 etkinlikler, farkl\u0131 k\u00fclt\u00fcrlerin bir araya gelmesine ve ileti\u015fim kurmas\u0131na olanak tan\u0131r.<\/p><\/li><li data-start=\"64\" data-end=\"314\"><p><strong>Yetene\u011fin Ke\u015ffi ve Geli\u015ftirilmesi:<\/strong> Spor organizasyonlar\u0131, gen\u00e7 yeteneklerin ke\u015ffedilmesi ve geli\u015ftirilmesi i\u00e7in \u00f6zel programlar d\u00fczenler. Yetene\u011fi olan bireyler, bu organizasyonlar arac\u0131l\u0131\u011f\u0131yla profesyonel kariyerlerine ad\u0131m atabilirler.<\/p><\/li><li data-start=\"64\" data-end=\"314\"><p><strong>Rekabet\u00e7i Ortam\u0131n Sa\u011flanmas\u0131:<\/strong> Organizasyonlar, sporun rekabet\u00e7i bir bi\u00e7imde yap\u0131lmas\u0131n\u0131 sa\u011flar. Bu, sporcular\u0131n performanslar\u0131n\u0131 art\u0131rmalar\u0131na ve kendilerini geli\u015ftirmelerine te\u015fvik eder.<\/p><\/li><li data-start=\"64\" data-end=\"314\"><p><strong>Medyatik Yans\u0131malar:<\/strong> Spor organizasyonlar\u0131, medya ile i\u015fbirli\u011fi yaparak sporu daha geni\u015f kitlelere ula\u015ft\u0131r\u0131r. Bu, sporun g\u00f6r\u00fcn\u00fcrl\u00fc\u011f\u00fcn\u00fc art\u0131r\u0131r ve sponsorluk f\u0131rsatlar\u0131n\u0131 geli\u015ftirir.<\/p><p>Sonu\u00e7 olarak, spor organizasyonlar\u0131, sporun s\u00fcrd\u00fcr\u00fclebilir bir \u015fekilde geli\u015fmesi, uluslararas\u0131 d\u00fczeyde tan\u0131nmas\u0131 ve toplumsal bir ba\u011f olu\u015fturmas\u0131 i\u00e7in kritik bir yap\u0131dad\u0131r. Sporun t\u00fcm payda\u015flar\u0131 i\u00e7in sa\u011flad\u0131\u011f\u0131 faydalar nedeniyle, bu organizasyonlar\u0131n \u00f6nemi her ge\u00e7en g\u00fcn artmaktad\u0131r.<\/p><\/li><\/ul><\/div><\/div><\/div><\/div><\/div><\/div><\/article>\t\t\t\t\t\t\t\t<\/div>\n\t\t<div class=\"elementor-element elementor-element-6777a919 e-con-full e-flex e-con e-child\" data-id=\"6777a919\" data-element_type=\"container\">\n\t\t<div class=\"elementor-element elementor-element-12591dda e-con-full e-flex e-con e-child\" data-id=\"12591dda\" data-element_type=\"container\">\n\t\t\t\t<div class=\"elementor-element elementor-element-6dfc7da4 elementor-invisible elementor-widget elementor-widget-image-carousel\" data-id=\"6dfc7da4\" data-element_type=\"widget\" data-settings=\"{&quot;slides_to_show&quot;:&quot;2&quot;,&quot;slides_to_show_mobile&quot;:&quot;2&quot;,&quot;navigation&quot;:&quot;none&quot;,&quot;image_spacing_custom&quot;:{&quot;unit&quot;:&quot;px&quot;,&quot;size&quot;:16,&quot;sizes&quot;:[]},&quot;_animation_delay&quot;:&quot;600&quot;,&quot;_animation&quot;:&quot;fadeInLeft&quot;,&quot;autoplay&quot;:&quot;yes&quot;,&quot;pause_on_hover&quot;:&quot;yes&quot;,&quot;pause_on_interaction&quot;:&quot;yes&quot;,&quot;autoplay_speed&quot;:5000,&quot;infinite&quot;:&quot;yes&quot;,&quot;speed&quot;:500,&quot;image_spacing_custom_tablet&quot;:{&quot;unit&quot;:&quot;px&quot;,&quot;size&quot;:&quot;&quot;,&quot;sizes&quot;:[]},&quot;image_spacing_custom_mobile&quot;:{&quot;unit&quot;:&quot;px&quot;,&quot;size&quot;:&quot;&quot;,&quot;sizes&quot;:[]}}\" data-widget_type=\"image-carousel.default\">\n\t\t\t\t\t\t\t<div class=\"elementor-image-carousel-wrapper swiper\" role=\"region\" aria-roledescription=\"carousel\" aria-label=\"Image Carousel\" dir=\"ltr\">\n\t\t\t<div class=\"elementor-image-carousel swiper-wrapper\" aria-live=\"off\">\n\t\t\t\t\t\t\t\t<div class=\"swiper-slide\" role=\"group\" aria-roledescription=\"slide\" aria-label=\"1 \/ 5\"><figure class=\"swiper-slide-inner\"><img decoding=\"async\" class=\"swiper-slide-image\" src=\"https:\/\/chosensports.net\/wp-content\/uploads\/2025\/09\/23.png\" alt=\"23\" \/><\/figure><\/div><div class=\"swiper-slide\" role=\"group\" aria-roledescription=\"slide\" aria-label=\"2 \/ 5\"><figure class=\"swiper-slide-inner\"><img decoding=\"async\" class=\"swiper-slide-image\" src=\"https:\/\/chosensports.net\/wp-content\/uploads\/2025\/09\/17.png\" alt=\"17\" \/><\/figure><\/div><div class=\"swiper-slide\" role=\"group\" aria-roledescription=\"slide\" aria-label=\"3 \/ 5\"><figure class=\"swiper-slide-inner\"><img decoding=\"async\" class=\"swiper-slide-image\" src=\"https:\/\/chosensports.net\/wp-content\/uploads\/2025\/09\/9-1.png\" alt=\"9\" \/><\/figure><\/div><div class=\"swiper-slide\" role=\"group\" aria-roledescription=\"slide\" aria-label=\"4 \/ 5\"><figure class=\"swiper-slide-inner\"><img decoding=\"async\" class=\"swiper-slide-image\" src=\"https:\/\/chosensports.net\/wp-content\/uploads\/2025\/09\/7-1.png\" alt=\"7\" \/><\/figure><\/div><div class=\"swiper-slide\" role=\"group\" aria-roledescription=\"slide\" aria-label=\"5 \/ 5\"><figure class=\"swiper-slide-inner\"><img decoding=\"async\" class=\"swiper-slide-image\" src=\"https:\/\/chosensports.net\/wp-content\/uploads\/2025\/09\/12.png\" alt=\"12\" \/><\/figure><\/div>\t\t\t<\/div>\n\t\t\t\t\t\t\t\n\t\t\t\t\t\t\t\t\t<\/div>\n\t\t\t\t\t\t<\/div>\n\t\t\t\t<\/div>\n\t\t<div class=\"elementor-element elementor-element-6168600 e-con-full e-flex elementor-invisible e-con e-child\" data-id=\"6168600\" data-element_type=\"container\" data-settings=\"{&quot;animation_delay&quot;:&quot;600&quot;,&quot;animation&quot;:&quot;fadeInRight&quot;}\">\n\t\t\t\t<div class=\"elementor-element elementor-element-cf4c479 elementor-widget elementor-widget-heading\" data-id=\"cf4c479\" data-element_type=\"widget\" data-widget_type=\"heading.default\">\n\t\t\t\t\t<h3 class=\"elementor-heading-title elementor-size-default\">Spor Y\u00f6netiminde 360 Derece Hizmet<\/h3>\t\t\t\t<\/div>\n\t\t\t\t<div class=\"elementor-element elementor-element-ab2d7c0 elementor-widget__width-initial elementor-widget-mobile__width-inherit elementor-widget elementor-widget-text-editor\" data-id=\"ab2d7c0\" data-element_type=\"widget\" data-widget_type=\"text-editor.default\">\n\t\t\t\t\t\t\t\t\t<article class=\"text-token-text-primary w-full focus:outline-none scroll-mt-[calc(var(--header-height)+min(200px,max(70px,20svh)))]\" dir=\"auto\" tabindex=\"-1\" data-turn-id=\"50c4696b-3b4e-4564-8a8f-5c6ef5c104f0\" data-testid=\"conversation-turn-88\" data-scroll-anchor=\"true\" data-turn=\"assistant\"><div class=\"text-base my-auto mx-auto pb-10 [--thread-content-margin:--spacing(4)] thread-sm:[--thread-content-margin:--spacing(6)] thread-lg:[--thread-content-margin:--spacing(16)] px-(--thread-content-margin)\"><div class=\"[--thread-content-max-width:40rem] thread-sm:[--thread-content-max-width:40rem] thread-lg:[--thread-content-max-width:48rem] mx-auto max-w-(--thread-content-max-width) flex-1 group\/turn-messages focus-visible:outline-hidden relative flex w-full min-w-0 flex-col agent-turn\" tabindex=\"-1\"><div class=\"flex max-w-full flex-col grow\"><div class=\"min-h-8 text-message relative flex w-full flex-col items-end gap-2 text-start break-words whitespace-normal [.text-message+&amp;]:mt-5\" dir=\"auto\" data-message-author-role=\"assistant\" data-message-id=\"c2a6306a-0223-421b-bf8c-a3243dd4b130\" data-message-model-slug=\"gpt-5-mini\"><div class=\"flex w-full flex-col gap-1 empty:hidden first:pt-[3px]\"><div class=\"markdown prose dark:prose-invert w-full break-words dark markdown-new-styling\"><p data-start=\"66\" data-end=\"199\" data-is-last-node=\"\" data-is-only-node=\"\">Profesyonel y\u00f6netimden modern ekipmanlara, kamplardan organizasyonlara kadar ba\u015far\u0131 i\u00e7in ihtiyac\u0131n\u0131z olan her \u015fey burada.<\/p><\/div><\/div><\/div><\/div><\/div><\/div><\/article>\t\t\t\t\t\t\t\t<\/div>\n\t\t\t\t<div class=\"elementor-element elementor-element-0cd788d elementor-widget elementor-widget-button\" data-id=\"0cd788d\" data-element_type=\"widget\" data-widget_type=\"button.default\">\n\t\t\t\t\t\t\t\t\t\t<a class=\"elementor-button elementor-button-link elementor-size-sm\" href=\"https:\/\/chosensports.net\/tr\/iletisim\/#form\">\n\t\t\t\t\t\t<span class=\"elementor-button-content-wrapper\">\n\t\t\t\t\t\t\t\t\t<span class=\"elementor-button-text\">\u0130LET\u0130\u015e\u0130M<\/span>\n\t\t\t\t\t<\/span>\n\t\t\t\t\t<\/a>\n\t\t\t\t\t\t\t\t<\/div>\n\t\t\t\t<\/div>\n\t\t\t\t<\/div>\n\t\t\t\t\t<\/div>\n\t\t\t\t<\/div>\n\t\t\t\t<\/div>\n\t\t","protected":false},"excerpt":{"rendered":"<p>Etkinlik ve Organizasyon Spor organizasyonlar\u0131, sporun d\u00fczenlenmesi, geli\u015ftirilmesi ve yayg\u0131nla\u015ft\u0131r\u0131lmas\u0131 a\u00e7\u0131s\u0131ndan kritik bir role sahiptir. Bu organizasyonlar, amat\u00f6r ve profesyonel sporcular\u0131n, kul\u00fcplerin, taraftarlar\u0131n ve di\u011fer payda\u015flar\u0131n bir araya gelerek sporun farkl\u0131 y\u00f6nlerini desteklemelerine olanak tan\u0131r. Spor organizasyonlar\u0131n\u0131n \u00f6nemini belirten \u00e7e\u015fitli ba\u015fl\u0131ca noktalar: D\u00fczenleme ve Standartla\u015ft\u0131rma: Spor organizasyonlar\u0131, farkl\u0131 spor dallar\u0131nda d\u00fczenli ve adil bir rekabet [&hellip;]<\/p>\n","protected":false},"author":1,"featured_media":0,"parent":0,"menu_order":0,"comment_status":"closed","ping_status":"closed","template":"","meta":{"footnotes":""},"class_list":["post-592","page","type-page","status-publish","hentry"],"yoast_head":"<!-- This site is optimized with the Yoast SEO plugin v25.9 - https:\/\/yoast.com\/wordpress\/plugins\/seo\/ -->\n<title>Etkinlik ve Organizasyon - Chosen Sports<\/title>\n<meta name=\"robots\" content=\"index, follow, max-snippet:-1, max-image-preview:large, max-video-preview:-1\" \/>\n<link rel=\"canonical\" href=\"https:\/\/chosensports.net\/tr\/etkinlik-ve-organizasyon\/\" \/>\n<meta property=\"og:locale\" content=\"tr_TR\" \/>\n<meta property=\"og:type\" content=\"article\" \/>\n<meta property=\"og:title\" content=\"Etkinlik ve Organizasyon - Chosen Sports\" \/>\n<meta property=\"og:description\" content=\"Etkinlik ve Organizasyon Spor organizasyonlar\u0131, sporun d\u00fczenlenmesi, geli\u015ftirilmesi ve yayg\u0131nla\u015ft\u0131r\u0131lmas\u0131 a\u00e7\u0131s\u0131ndan kritik bir role sahiptir. Bu organizasyonlar, amat\u00f6r ve profesyonel sporcular\u0131n, kul\u00fcplerin, taraftarlar\u0131n ve di\u011fer payda\u015flar\u0131n bir araya gelerek sporun farkl\u0131 y\u00f6nlerini desteklemelerine olanak tan\u0131r. Spor organizasyonlar\u0131n\u0131n \u00f6nemini belirten \u00e7e\u015fitli ba\u015fl\u0131ca noktalar: D\u00fczenleme ve Standartla\u015ft\u0131rma: Spor organizasyonlar\u0131, farkl\u0131 spor dallar\u0131nda d\u00fczenli ve adil bir rekabet [&hellip;]\" \/>\n<meta property=\"og:url\" content=\"https:\/\/chosensports.net\/tr\/etkinlik-ve-organizasyon\/\" \/>\n<meta property=\"og:site_name\" content=\"Chosen Sports\" \/>\n<meta property=\"article:modified_time\" content=\"2025-09-06T21:45:40+00:00\" \/>\n<meta property=\"og:image\" content=\"https:\/\/chosensports.net\/wp-content\/uploads\/2025\/09\/23.png\" \/>\n<meta name=\"twitter:card\" content=\"summary_large_image\" \/>\n<meta name=\"twitter:label1\" content=\"Tahmini okuma s\u00fcresi\" \/>\n\t<meta name=\"twitter:data1\" content=\"2 dakika\" \/>\n<script type=\"application\/ld+json\" class=\"yoast-schema-graph\">{\"@context\":\"https:\/\/schema.org\",\"@graph\":[{\"@type\":\"WebPage\",\"@id\":\"https:\/\/chosensports.net\/tr\/etkinlik-ve-organizasyon\/\",\"url\":\"https:\/\/chosensports.net\/tr\/etkinlik-ve-organizasyon\/\",\"name\":\"Etkinlik ve Organizasyon - Chosen Sports\",\"isPartOf\":{\"@id\":\"https:\/\/chosensports.net\/#website\"},\"primaryImageOfPage\":{\"@id\":\"https:\/\/chosensports.net\/tr\/etkinlik-ve-organizasyon\/#primaryimage\"},\"image\":{\"@id\":\"https:\/\/chosensports.net\/tr\/etkinlik-ve-organizasyon\/#primaryimage\"},\"thumbnailUrl\":\"https:\/\/chosensports.net\/wp-content\/uploads\/2025\/09\/23.png\",\"datePublished\":\"2025-09-04T11:08:19+00:00\",\"dateModified\":\"2025-09-06T21:45:40+00:00\",\"breadcrumb\":{\"@id\":\"https:\/\/chosensports.net\/tr\/etkinlik-ve-organizasyon\/#breadcrumb\"},\"inLanguage\":\"tr\",\"potentialAction\":[{\"@type\":\"ReadAction\",\"target\":[\"https:\/\/chosensports.net\/tr\/etkinlik-ve-organizasyon\/\"]}]},{\"@type\":\"ImageObject\",\"inLanguage\":\"tr\",\"@id\":\"https:\/\/chosensports.net\/tr\/etkinlik-ve-organizasyon\/#primaryimage\",\"url\":\"https:\/\/chosensports.net\/wp-content\/uploads\/2025\/09\/23.png\",\"contentUrl\":\"https:\/\/chosensports.net\/wp-content\/uploads\/2025\/09\/23.png\"},{\"@type\":\"BreadcrumbList\",\"@id\":\"https:\/\/chosensports.net\/tr\/etkinlik-ve-organizasyon\/#breadcrumb\",\"itemListElement\":[{\"@type\":\"ListItem\",\"position\":1,\"name\":\"Home\",\"item\":\"https:\/\/chosensports.net\/\"},{\"@type\":\"ListItem\",\"position\":2,\"name\":\"Etkinlik ve Organizasyon\"}]},{\"@type\":\"WebSite\",\"@id\":\"https:\/\/chosensports.net\/#website\",\"url\":\"https:\/\/chosensports.net\/\",\"name\":\"Chosen Sports\",\"description\":\"\",\"publisher\":{\"@id\":\"https:\/\/chosensports.net\/#organization\"},\"potentialAction\":[{\"@type\":\"SearchAction\",\"target\":{\"@type\":\"EntryPoint\",\"urlTemplate\":\"https:\/\/chosensports.net\/?s={search_term_string}\"},\"query-input\":{\"@type\":\"PropertyValueSpecification\",\"valueRequired\":true,\"valueName\":\"search_term_string\"}}],\"inLanguage\":\"tr\"},{\"@type\":\"Organization\",\"@id\":\"https:\/\/chosensports.net\/#organization\",\"name\":\"Chosen Sports\",\"url\":\"https:\/\/chosensports.net\/\",\"logo\":{\"@type\":\"ImageObject\",\"inLanguage\":\"tr\",\"@id\":\"https:\/\/chosensports.net\/#\/schema\/logo\/image\/\",\"url\":\"https:\/\/chosensports.net\/wp-content\/uploads\/2025\/09\/jjhjh-e1756822167242.png\",\"contentUrl\":\"https:\/\/chosensports.net\/wp-content\/uploads\/2025\/09\/jjhjh-e1756822167242.png\",\"width\":400,\"height\":151,\"caption\":\"Chosen Sports\"},\"image\":{\"@id\":\"https:\/\/chosensports.net\/#\/schema\/logo\/image\/\"}}]}<\/script>\n<!-- \/ Yoast SEO plugin. -->","yoast_head_json":{"title":"Etkinlik ve Organizasyon - Chosen Sports","robots":{"index":"index","follow":"follow","max-snippet":"max-snippet:-1","max-image-preview":"max-image-preview:large","max-video-preview":"max-video-preview:-1"},"canonical":"https:\/\/chosensports.net\/tr\/etkinlik-ve-organizasyon\/","og_locale":"tr_TR","og_type":"article","og_title":"Etkinlik ve Organizasyon - Chosen Sports","og_description":"Etkinlik ve Organizasyon Spor organizasyonlar\u0131, sporun d\u00fczenlenmesi, geli\u015ftirilmesi ve yayg\u0131nla\u015ft\u0131r\u0131lmas\u0131 a\u00e7\u0131s\u0131ndan kritik bir role sahiptir. Bu organizasyonlar, amat\u00f6r ve profesyonel sporcular\u0131n, kul\u00fcplerin, taraftarlar\u0131n ve di\u011fer payda\u015flar\u0131n bir araya gelerek sporun farkl\u0131 y\u00f6nlerini desteklemelerine olanak tan\u0131r. Spor organizasyonlar\u0131n\u0131n \u00f6nemini belirten \u00e7e\u015fitli ba\u015fl\u0131ca noktalar: D\u00fczenleme ve Standartla\u015ft\u0131rma: Spor organizasyonlar\u0131, farkl\u0131 spor dallar\u0131nda d\u00fczenli ve adil bir rekabet [&hellip;]","og_url":"https:\/\/chosensports.net\/tr\/etkinlik-ve-organizasyon\/","og_site_name":"Chosen Sports","article_modified_time":"2025-09-06T21:45:40+00:00","og_image":[{"url":"https:\/\/chosensports.net\/wp-content\/uploads\/2025\/09\/23.png","type":"","width":"","height":""}],"twitter_card":"summary_large_image","twitter_misc":{"Tahmini okuma s\u00fcresi":"2 dakika"},"schema":{"@context":"https:\/\/schema.org","@graph":[{"@type":"WebPage","@id":"https:\/\/chosensports.net\/tr\/etkinlik-ve-organizasyon\/","url":"https:\/\/chosensports.net\/tr\/etkinlik-ve-organizasyon\/","name":"Etkinlik ve Organizasyon - Chosen Sports","isPartOf":{"@id":"https:\/\/chosensports.net\/#website"},"primaryImageOfPage":{"@id":"https:\/\/chosensports.net\/tr\/etkinlik-ve-organizasyon\/#primaryimage"},"image":{"@id":"https:\/\/chosensports.net\/tr\/etkinlik-ve-organizasyon\/#primaryimage"},"thumbnailUrl":"https:\/\/chosensports.net\/wp-content\/uploads\/2025\/09\/23.png","datePublished":"2025-09-04T11:08:19+00:00","dateModified":"2025-09-06T21:45:40+00:00","breadcrumb":{"@id":"https:\/\/chosensports.net\/tr\/etkinlik-ve-organizasyon\/#breadcrumb"},"inLanguage":"tr","potentialAction":[{"@type":"ReadAction","target":["https:\/\/chosensports.net\/tr\/etkinlik-ve-organizasyon\/"]}]},{"@type":"ImageObject","inLanguage":"tr","@id":"https:\/\/chosensports.net\/tr\/etkinlik-ve-organizasyon\/#primaryimage","url":"https:\/\/chosensports.net\/wp-content\/uploads\/2025\/09\/23.png","contentUrl":"https:\/\/chosensports.net\/wp-content\/uploads\/2025\/09\/23.png"},{"@type":"BreadcrumbList","@id":"https:\/\/chosensports.net\/tr\/etkinlik-ve-organizasyon\/#breadcrumb","itemListElement":[{"@type":"ListItem","position":1,"name":"Home","item":"https:\/\/chosensports.net\/"},{"@type":"ListItem","position":2,"name":"Etkinlik ve Organizasyon"}]},{"@type":"WebSite","@id":"https:\/\/chosensports.net\/#website","url":"https:\/\/chosensports.net\/","name":"Chosen Sports","description":"","publisher":{"@id":"https:\/\/chosensports.net\/#organization"},"potentialAction":[{"@type":"SearchAction","target":{"@type":"EntryPoint","urlTemplate":"https:\/\/chosensports.net\/?s={search_term_string}"},"query-input":{"@type":"PropertyValueSpecification","valueRequired":true,"valueName":"search_term_string"}}],"inLanguage":"tr"},{"@type":"Organization","@id":"https:\/\/chosensports.net\/#organization","name":"Chosen Sports","url":"https:\/\/chosensports.net\/","logo":{"@type":"ImageObject","inLanguage":"tr","@id":"https:\/\/chosensports.net\/#\/schema\/logo\/image\/","url":"https:\/\/chosensports.net\/wp-content\/uploads\/2025\/09\/jjhjh-e1756822167242.png","contentUrl":"https:\/\/chosensports.net\/wp-content\/uploads\/2025\/09\/jjhjh-e1756822167242.png","width":400,"height":151,"caption":"Chosen Sports"},"image":{"@id":"https:\/\/chosensports.net\/#\/schema\/logo\/image\/"}}]}},"_links":{"self":[{"href":"https:\/\/chosensports.net\/tr\/wp-json\/wp\/v2\/pages\/592","targetHints":{"allow":["GET"]}}],"collection":[{"href":"https:\/\/chosensports.net\/tr\/wp-json\/wp\/v2\/pages"}],"about":[{"href":"https:\/\/chosensports.net\/tr\/wp-json\/wp\/v2\/types\/page"}],"author":[{"embeddable":true,"href":"https:\/\/chosensports.net\/tr\/wp-json\/wp\/v2\/users\/1"}],"replies":[{"embeddable":true,"href":"https:\/\/chosensports.net\/tr\/wp-json\/wp\/v2\/comments?post=592"}],"version-history":[{"count":8,"href":"https:\/\/chosensports.net\/tr\/wp-json\/wp\/v2\/pages\/592\/revisions"}],"predecessor-version":[{"id":644,"href":"https:\/\/chosensports.net\/tr\/wp-json\/wp\/v2\/pages\/592\/revisions\/644"}],"wp:attachment":[{"href":"https:\/\/chosensports.net\/tr\/wp-json\/wp\/v2\/media?parent=592"}],"curies":[{"name":"wp","href":"https:\/\/api.w.org\/{rel}","templated":true}]}}