{"id":590,"date":"2024-11-20T09:20:58","date_gmt":"2024-11-20T06:20:58","guid":{"rendered":"https:\/\/chosensports.net\/contact-us\/"},"modified":"2025-09-12T00:50:44","modified_gmt":"2025-09-11T21:50:44","slug":"iletisim","status":"publish","type":"page","link":"https:\/\/chosensports.net\/tr\/iletisim\/","title":{"rendered":"\u0130leti\u015fim"},"content":{"rendered":"\t\t<div data-elementor-type=\"wp-page\" data-elementor-id=\"590\" class=\"elementor elementor-590 elementor-54\" data-elementor-settings=\"{&quot;element_pack_global_tooltip_width&quot;:{&quot;unit&quot;:&quot;px&quot;,&quot;size&quot;:&quot;&quot;,&quot;sizes&quot;:[]},&quot;element_pack_global_tooltip_width_tablet&quot;:{&quot;unit&quot;:&quot;px&quot;,&quot;size&quot;:&quot;&quot;,&quot;sizes&quot;:[]},&quot;element_pack_global_tooltip_width_mobile&quot;:{&quot;unit&quot;:&quot;px&quot;,&quot;size&quot;:&quot;&quot;,&quot;sizes&quot;:[]},&quot;element_pack_global_tooltip_padding&quot;:{&quot;unit&quot;:&quot;px&quot;,&quot;top&quot;:&quot;&quot;,&quot;right&quot;:&quot;&quot;,&quot;bottom&quot;:&quot;&quot;,&quot;left&quot;:&quot;&quot;,&quot;isLinked&quot;:true},&quot;element_pack_global_tooltip_padding_tablet&quot;:{&quot;unit&quot;:&quot;px&quot;,&quot;top&quot;:&quot;&quot;,&quot;right&quot;:&quot;&quot;,&quot;bottom&quot;:&quot;&quot;,&quot;left&quot;:&quot;&quot;,&quot;isLinked&quot;:true},&quot;element_pack_global_tooltip_padding_mobile&quot;:{&quot;unit&quot;:&quot;px&quot;,&quot;top&quot;:&quot;&quot;,&quot;right&quot;:&quot;&quot;,&quot;bottom&quot;:&quot;&quot;,&quot;left&quot;:&quot;&quot;,&quot;isLinked&quot;:true},&quot;element_pack_global_tooltip_border_radius&quot;:{&quot;unit&quot;:&quot;px&quot;,&quot;top&quot;:&quot;&quot;,&quot;right&quot;:&quot;&quot;,&quot;bottom&quot;:&quot;&quot;,&quot;left&quot;:&quot;&quot;,&quot;isLinked&quot;:true},&quot;element_pack_global_tooltip_border_radius_tablet&quot;:{&quot;unit&quot;:&quot;px&quot;,&quot;top&quot;:&quot;&quot;,&quot;right&quot;:&quot;&quot;,&quot;bottom&quot;:&quot;&quot;,&quot;left&quot;:&quot;&quot;,&quot;isLinked&quot;:true},&quot;element_pack_global_tooltip_border_radius_mobile&quot;:{&quot;unit&quot;:&quot;px&quot;,&quot;top&quot;:&quot;&quot;,&quot;right&quot;:&quot;&quot;,&quot;bottom&quot;:&quot;&quot;,&quot;left&quot;:&quot;&quot;,&quot;isLinked&quot;:true}}\" data-elementor-post-type=\"page\">\n\t\t\t\t<div class=\"elementor-element elementor-element-0f90e75 e-flex e-con-boxed e-con e-parent\" data-id=\"0f90e75\" data-element_type=\"container\" data-settings=\"{&quot;background_background&quot;:&quot;classic&quot;}\">\n\t\t\t\t\t<div class=\"e-con-inner\">\n\t\t<div class=\"elementor-element elementor-element-50d3cea e-con-full e-flex e-con e-child\" data-id=\"50d3cea\" data-element_type=\"container\">\n\t\t\t\t<div class=\"elementor-element elementor-element-48e54a2 elementor-widget__width-initial elementor-absolute elementor-invisible elementor-widget elementor-widget-text-editor\" data-id=\"48e54a2\" data-element_type=\"widget\" data-settings=\"{&quot;_position&quot;:&quot;absolute&quot;,&quot;_animation_delay&quot;:&quot;200&quot;,&quot;_animation&quot;:&quot;fadeIn&quot;}\" data-widget_type=\"text-editor.default\">\n\t\t\t\t\t\t\t\t\t<p>01<\/p>\t\t\t\t\t\t\t\t<\/div>\n\t\t\t\t<div class=\"elementor-element elementor-element-3f55464 elementor-widget__width-initial elementor-absolute e-transform elementor-widget-tablet__width-initial elementor-widget-mobile__width-initial elementor-widget-divider--view-line elementor-invisible elementor-widget elementor-widget-divider\" data-id=\"3f55464\" data-element_type=\"widget\" data-settings=\"{&quot;_position&quot;:&quot;absolute&quot;,&quot;_transform_rotateZ_effect&quot;:{&quot;unit&quot;:&quot;px&quot;,&quot;size&quot;:90,&quot;sizes&quot;:[]},&quot;_animation_delay&quot;:&quot;200&quot;,&quot;_animation&quot;:&quot;fadeIn&quot;,&quot;_transform_rotateZ_effect_tablet&quot;:{&quot;unit&quot;:&quot;deg&quot;,&quot;size&quot;:&quot;&quot;,&quot;sizes&quot;:[]},&quot;_transform_rotateZ_effect_mobile&quot;:{&quot;unit&quot;:&quot;deg&quot;,&quot;size&quot;:&quot;&quot;,&quot;sizes&quot;:[]}}\" data-widget_type=\"divider.default\">\n\t\t\t\t\t\t\t<div class=\"elementor-divider\">\n\t\t\t<span class=\"elementor-divider-separator\">\n\t\t\t\t\t\t<\/span>\n\t\t<\/div>\n\t\t\t\t\t\t<\/div>\n\t\t<div class=\"elementor-element elementor-element-57d2b04 e-con-full e-flex e-con e-child\" data-id=\"57d2b04\" data-element_type=\"container\">\n\t\t<div class=\"elementor-element elementor-element-ddae8b6 e-con-full e-flex e-con e-child\" data-id=\"ddae8b6\" data-element_type=\"container\" id=\"form\">\n\t\t\t\t<div class=\"elementor-element elementor-element-373fa97  ui-split-animate ui-splitby-chars elementor-widget elementor-widget-heading\" data-id=\"373fa97\" data-element_type=\"widget\" data-settings=\"{&quot;ui_animate_split&quot;:&quot;ui-split-animate&quot;,&quot;ui_animate_split_style&quot;:&quot;fadeInRight&quot;,&quot;ui_animate_split_by&quot;:&quot;chars&quot;}\" data-widget_type=\"heading.default\">\n\t\t\t\t\t<h4 class=\"elementor-heading-title elementor-size-default\">\u0130LET\u0130\u015e\u0130M<\/h4>\t\t\t\t<\/div>\n\t\t\t\t<div class=\"elementor-element elementor-element-544ea97  ui-split-animate ui-splitby-chars elementor-widget elementor-widget-heading\" data-id=\"544ea97\" data-element_type=\"widget\" data-settings=\"{&quot;ui_animate_split&quot;:&quot;ui-split-animate&quot;,&quot;ui_animate_split_style&quot;:&quot;fadeInRight&quot;,&quot;ui_animate_split_by&quot;:&quot;chars&quot;}\" data-widget_type=\"heading.default\">\n\t\t\t\t\t<h2 class=\"elementor-heading-title elementor-size-default\">Hemen ileti\u015fime ge\u00e7!<\/h2>\t\t\t\t<\/div>\n\t\t\t\t<\/div>\n\t\t<div class=\"elementor-element elementor-element-593d7d8 e-con-full e-flex e-con e-child\" data-id=\"593d7d8\" data-element_type=\"container\" data-settings=\"{&quot;background_background&quot;:&quot;classic&quot;}\">\n\t\t\t\t<div class=\"elementor-element elementor-element-295d7a7 elementor-widget elementor-widget-text-editor\" data-id=\"295d7a7\" data-element_type=\"widget\" data-widget_type=\"text-editor.default\">\n\t\t\t\t\t\t\t\t\t<p>L\u00fctfen bilgilerinizi sa\u011flay\u0131n, en k\u0131sa s\u00fcrede size yard\u0131mc\u0131 olaca\u011f\u0131z.<\/p>\t\t\t\t\t\t\t\t<\/div>\n\t\t\t\t<div class=\"elementor-element elementor-element-c6995b5 ui-e-submit-align-right elementor-widget elementor-widget-uicore-contact-form\" data-id=\"c6995b5\" data-element_type=\"widget\" data-widget_type=\"uicore-contact-form.default\">\n\t\t\t\t\t\n        <form class=\"ui-e-form\" method=\"post\" name=\"New Form\">\n\n            <input type=\"hidden\" name=\"post_id\" value=\"590\" \/>\n            <input type=\"hidden\" name=\"widget_type\" value=\"contact-form\">\n\n            <input type=\"hidden\" name=\"required_fields_message\" value=\"Fill all required fields.\">\n\n            <div class=\"ui-e-fields-wrp\">\n\n                \n                    <div class=\"ui-e-field-type-text ui-e-field-group elementor-column ui-e-field-group-name elementor-col-50  ui-e-required\">\n                                                    <label for=\"form-field-name\" class=\"ui-e-label\">\n                                Ad                            <\/label>\n                                                            <input size=\"1\" type=\"text\" name=\"form_fields[name]\" id=\"form-field-name\" class=\"ui-e-field  ui-e-field-textual\" placeholder=\"Ad\u0131n\u0131z\" required=\"required\" aria-required=\"true\">\n                                            <\/div>\n\n                \n                    <div class=\"ui-e-field-type-text ui-e-field-group elementor-column ui-e-field-group-field_md8cc4m elementor-col-50  ui-e-required\">\n                                                    <label for=\"form-field-field_md8cc4m\" class=\"ui-e-label\">\n                                Soyad                            <\/label>\n                                                            <input size=\"1\" type=\"text\" name=\"form_fields[field_md8cc4m]\" id=\"form-field-field_md8cc4m\" class=\"ui-e-field  ui-e-field-textual\" placeholder=\"Soyad\u0131n\u0131z\" required=\"required\" aria-required=\"true\">\n                                            <\/div>\n\n                \n                    <div class=\"ui-e-field-type-select ui-e-field-group elementor-column ui-e-field-group-field_e2hxwjj elementor-col-50  ui-e-required\">\n                                                    <label for=\"form-field-field_e2hxwjj\" class=\"ui-e-label\">\n                                Hizmetlerimiz                            <\/label>\n                                    <div class=\"ui-e-field ui-e-field-select ui-e-field-subgroup \">\n            <select name=\"form_fields[field_e2hxwjj]\" id=\"form-field-field_e2hxwjj\" class=\"ui-e-field-textual\" required=\"required\" aria-required=\"true\">\n                                    <option value=\"Etkinlik ve Organizasyon\">Etkinlik ve Organizasyon<\/option>\n                                    <option value=\"Fizyoterapi Hizmetleri\">Fizyoterapi Hizmetleri<\/option>\n                                    <option value=\"Spor Kul\u00fcb\u00fc Y\u00f6netimi \">Spor Kul\u00fcb\u00fc Y\u00f6netimi <\/option>\n                                    <option value=\"Spor Kamplar\u0131 ve Konaklama\">Spor Kamplar\u0131 ve Konaklama<\/option>\n                                    <option value=\"Sportif Dan\u0131\u015fmanl\u0131k \">Sportif Dan\u0131\u015fmanl\u0131k <\/option>\n                                    <option value=\"Spor Ekipmanlar\u0131\">Spor Ekipmanlar\u0131<\/option>\n                            <\/select>\n        <\/div>\n                        <\/div>\n\n                \n                    <div class=\"ui-e-field-type-email ui-e-field-group elementor-column ui-e-field-group-email elementor-col-50  ui-e-required\">\n                                                    <label for=\"form-field-email\" class=\"ui-e-label\">\n                                Mail                            <\/label>\n                                                            <input size=\"1\" type=\"email\" name=\"form_fields[email]\" id=\"form-field-email\" class=\"ui-e-field  ui-e-field-textual\" placeholder=\"Mail Adresniz\" required=\"required\" aria-required=\"true\">\n                                            <\/div>\n\n                \n                    <div class=\"ui-e-field-type-text ui-e-field-group elementor-column ui-e-field-group-field_oatizvj elementor-col-50  ui-e-required\">\n                                                    <label for=\"form-field-field_oatizvj\" class=\"ui-e-label\">\n                                Telefon Numaras\u0131                            <\/label>\n                                                            <input size=\"1\" type=\"text\" name=\"form_fields[field_oatizvj]\" id=\"form-field-field_oatizvj\" class=\"ui-e-field  ui-e-field-textual\" placeholder=\"124-125-124\" required=\"required\" aria-required=\"true\">\n                                            <\/div>\n\n                \n                    <div class=\"ui-e-field-type-textarea ui-e-field-group elementor-column ui-e-field-group-message elementor-col-100  ui-e-required\">\n                                                    <label for=\"form-field-message\" class=\"ui-e-label\">\n                                Mesaj                            <\/label>\n                            <textarea class=\"ui-e-field \" name=\"form_fields[message]\" id=\"form-field-message\" rows=\"6\" placeholder=\"Mesaj\u0131n\u0131z\" required=\"required\" aria-required=\"true\"><\/textarea>                    <\/div>\n\n                \n                <div class=\"ui-e-field-group elementor-column ui-e-field-type-submit elementor-col-100 e-form__buttons\">\n                    <button type=\"submit\" class=\"elementor-button\">\n                        <span >\n                                                            <span class=\"\">\n                                                                                                        <\/span>\n                                                                                        <span class=\"ui-e-text\">g\u00f6nder<\/span>\n                                                    <\/span>\n                    <\/button>\n                <\/div>\n\n            <\/div>\n\n            <div class=\"ui-e-message \">\n                            <\/div>\n        <\/form>\n                <script>\n            window.ui_e_form_validation_messages = {\"required_fields\":\"Fill all required fields.\"};\n        <\/script>\n\t\t\t\t<\/div>\n\t\t\t\t<\/div>\n\t\t\t\t<\/div>\n\t\t\t\t<\/div>\n\t\t\t\t\t<\/div>\n\t\t\t\t<\/div>\n\t\t\t\t<\/div>\n\t\t","protected":false},"excerpt":{"rendered":"<p>01 \u0130LET\u0130\u015e\u0130M Hemen ileti\u015fime ge\u00e7! L\u00fctfen bilgilerinizi sa\u011flay\u0131n, en k\u0131sa s\u00fcrede size yard\u0131mc\u0131 olaca\u011f\u0131z. Ad Soyad Hizmetlerimiz Etkinlik ve OrganizasyonFizyoterapi HizmetleriSpor Kul\u00fcb\u00fc Y\u00f6netimi Spor Kamplar\u0131 ve KonaklamaSportif Dan\u0131\u015fmanl\u0131k Spor Ekipmanlar\u0131 Mail Telefon Numaras\u0131 Mesaj g\u00f6nder<\/p>\n","protected":false},"author":1,"featured_media":0,"parent":0,"menu_order":0,"comment_status":"closed","ping_status":"closed","template":"","meta":{"footnotes":""},"class_list":["post-590","page","type-page","status-publish","hentry"],"yoast_head":"<!-- This site is optimized with the Yoast SEO plugin v25.9 - https:\/\/yoast.com\/wordpress\/plugins\/seo\/ -->\n<title>\u0130leti\u015fim - Chosen Sports<\/title>\n<meta name=\"robots\" content=\"index, follow, max-snippet:-1, max-image-preview:large, max-video-preview:-1\" \/>\n<link rel=\"canonical\" href=\"https:\/\/chosensports.net\/tr\/iletisim\/\" \/>\n<meta property=\"og:locale\" content=\"tr_TR\" \/>\n<meta property=\"og:type\" content=\"article\" \/>\n<meta property=\"og:title\" content=\"\u0130leti\u015fim - Chosen Sports\" \/>\n<meta property=\"og:description\" content=\"01 \u0130LET\u0130\u015e\u0130M Hemen ileti\u015fime ge\u00e7! L\u00fctfen bilgilerinizi sa\u011flay\u0131n, en k\u0131sa s\u00fcrede size yard\u0131mc\u0131 olaca\u011f\u0131z. Ad Soyad Hizmetlerimiz Etkinlik ve OrganizasyonFizyoterapi HizmetleriSpor Kul\u00fcb\u00fc Y\u00f6netimi Spor Kamplar\u0131 ve KonaklamaSportif Dan\u0131\u015fmanl\u0131k Spor Ekipmanlar\u0131 Mail Telefon Numaras\u0131 Mesaj g\u00f6nder\" \/>\n<meta property=\"og:url\" content=\"https:\/\/chosensports.net\/tr\/iletisim\/\" \/>\n<meta property=\"og:site_name\" content=\"Chosen Sports\" \/>\n<meta property=\"article:modified_time\" content=\"2025-09-11T21:50:44+00:00\" \/>\n<meta name=\"twitter:card\" content=\"summary_large_image\" \/>\n<script type=\"application\/ld+json\" class=\"yoast-schema-graph\">{\"@context\":\"https:\/\/schema.org\",\"@graph\":[{\"@type\":\"WebPage\",\"@id\":\"https:\/\/chosensports.net\/tr\/iletisim\/\",\"url\":\"https:\/\/chosensports.net\/tr\/iletisim\/\",\"name\":\"\u0130leti\u015fim - Chosen Sports\",\"isPartOf\":{\"@id\":\"https:\/\/chosensports.net\/#website\"},\"datePublished\":\"2024-11-20T06:20:58+00:00\",\"dateModified\":\"2025-09-11T21:50:44+00:00\",\"breadcrumb\":{\"@id\":\"https:\/\/chosensports.net\/tr\/iletisim\/#breadcrumb\"},\"inLanguage\":\"tr\",\"potentialAction\":[{\"@type\":\"ReadAction\",\"target\":[\"https:\/\/chosensports.net\/tr\/iletisim\/\"]}]},{\"@type\":\"BreadcrumbList\",\"@id\":\"https:\/\/chosensports.net\/tr\/iletisim\/#breadcrumb\",\"itemListElement\":[{\"@type\":\"ListItem\",\"position\":1,\"name\":\"Home\",\"item\":\"https:\/\/chosensports.net\/\"},{\"@type\":\"ListItem\",\"position\":2,\"name\":\"\u0130leti\u015fim\"}]},{\"@type\":\"WebSite\",\"@id\":\"https:\/\/chosensports.net\/#website\",\"url\":\"https:\/\/chosensports.net\/\",\"name\":\"Chosen Sports\",\"description\":\"\",\"publisher\":{\"@id\":\"https:\/\/chosensports.net\/#organization\"},\"potentialAction\":[{\"@type\":\"SearchAction\",\"target\":{\"@type\":\"EntryPoint\",\"urlTemplate\":\"https:\/\/chosensports.net\/?s={search_term_string}\"},\"query-input\":{\"@type\":\"PropertyValueSpecification\",\"valueRequired\":true,\"valueName\":\"search_term_string\"}}],\"inLanguage\":\"tr\"},{\"@type\":\"Organization\",\"@id\":\"https:\/\/chosensports.net\/#organization\",\"name\":\"Chosen Sports\",\"url\":\"https:\/\/chosensports.net\/\",\"logo\":{\"@type\":\"ImageObject\",\"inLanguage\":\"tr\",\"@id\":\"https:\/\/chosensports.net\/#\/schema\/logo\/image\/\",\"url\":\"https:\/\/chosensports.net\/wp-content\/uploads\/2025\/09\/jjhjh-e1756822167242.png\",\"contentUrl\":\"https:\/\/chosensports.net\/wp-content\/uploads\/2025\/09\/jjhjh-e1756822167242.png\",\"width\":400,\"height\":151,\"caption\":\"Chosen Sports\"},\"image\":{\"@id\":\"https:\/\/chosensports.net\/#\/schema\/logo\/image\/\"}}]}<\/script>\n<!-- \/ Yoast SEO plugin. -->","yoast_head_json":{"title":"\u0130leti\u015fim - Chosen Sports","robots":{"index":"index","follow":"follow","max-snippet":"max-snippet:-1","max-image-preview":"max-image-preview:large","max-video-preview":"max-video-preview:-1"},"canonical":"https:\/\/chosensports.net\/tr\/iletisim\/","og_locale":"tr_TR","og_type":"article","og_title":"\u0130leti\u015fim - Chosen Sports","og_description":"01 \u0130LET\u0130\u015e\u0130M Hemen ileti\u015fime ge\u00e7! L\u00fctfen bilgilerinizi sa\u011flay\u0131n, en k\u0131sa s\u00fcrede size yard\u0131mc\u0131 olaca\u011f\u0131z. Ad Soyad Hizmetlerimiz Etkinlik ve OrganizasyonFizyoterapi HizmetleriSpor Kul\u00fcb\u00fc Y\u00f6netimi Spor Kamplar\u0131 ve KonaklamaSportif Dan\u0131\u015fmanl\u0131k Spor Ekipmanlar\u0131 Mail Telefon Numaras\u0131 Mesaj g\u00f6nder","og_url":"https:\/\/chosensports.net\/tr\/iletisim\/","og_site_name":"Chosen Sports","article_modified_time":"2025-09-11T21:50:44+00:00","twitter_card":"summary_large_image","schema":{"@context":"https:\/\/schema.org","@graph":[{"@type":"WebPage","@id":"https:\/\/chosensports.net\/tr\/iletisim\/","url":"https:\/\/chosensports.net\/tr\/iletisim\/","name":"\u0130leti\u015fim - Chosen Sports","isPartOf":{"@id":"https:\/\/chosensports.net\/#website"},"datePublished":"2024-11-20T06:20:58+00:00","dateModified":"2025-09-11T21:50:44+00:00","breadcrumb":{"@id":"https:\/\/chosensports.net\/tr\/iletisim\/#breadcrumb"},"inLanguage":"tr","potentialAction":[{"@type":"ReadAction","target":["https:\/\/chosensports.net\/tr\/iletisim\/"]}]},{"@type":"BreadcrumbList","@id":"https:\/\/chosensports.net\/tr\/iletisim\/#breadcrumb","itemListElement":[{"@type":"ListItem","position":1,"name":"Home","item":"https:\/\/chosensports.net\/"},{"@type":"ListItem","position":2,"name":"\u0130leti\u015fim"}]},{"@type":"WebSite","@id":"https:\/\/chosensports.net\/#website","url":"https:\/\/chosensports.net\/","name":"Chosen Sports","description":"","publisher":{"@id":"https:\/\/chosensports.net\/#organization"},"potentialAction":[{"@type":"SearchAction","target":{"@type":"EntryPoint","urlTemplate":"https:\/\/chosensports.net\/?s={search_term_string}"},"query-input":{"@type":"PropertyValueSpecification","valueRequired":true,"valueName":"search_term_string"}}],"inLanguage":"tr"},{"@type":"Organization","@id":"https:\/\/chosensports.net\/#organization","name":"Chosen Sports","url":"https:\/\/chosensports.net\/","logo":{"@type":"ImageObject","inLanguage":"tr","@id":"https:\/\/chosensports.net\/#\/schema\/logo\/image\/","url":"https:\/\/chosensports.net\/wp-content\/uploads\/2025\/09\/jjhjh-e1756822167242.png","contentUrl":"https:\/\/chosensports.net\/wp-content\/uploads\/2025\/09\/jjhjh-e1756822167242.png","width":400,"height":151,"caption":"Chosen Sports"},"image":{"@id":"https:\/\/chosensports.net\/#\/schema\/logo\/image\/"}}]}},"_links":{"self":[{"href":"https:\/\/chosensports.net\/tr\/wp-json\/wp\/v2\/pages\/590","targetHints":{"allow":["GET"]}}],"collection":[{"href":"https:\/\/chosensports.net\/tr\/wp-json\/wp\/v2\/pages"}],"about":[{"href":"https:\/\/chosensports.net\/tr\/wp-json\/wp\/v2\/types\/page"}],"author":[{"embeddable":true,"href":"https:\/\/chosensports.net\/tr\/wp-json\/wp\/v2\/users\/1"}],"replies":[{"embeddable":true,"href":"https:\/\/chosensports.net\/tr\/wp-json\/wp\/v2\/comments?post=590"}],"version-history":[{"count":10,"href":"https:\/\/chosensports.net\/tr\/wp-json\/wp\/v2\/pages\/590\/revisions"}],"predecessor-version":[{"id":716,"href":"https:\/\/chosensports.net\/tr\/wp-json\/wp\/v2\/pages\/590\/revisions\/716"}],"wp:attachment":[{"href":"https:\/\/chosensports.net\/tr\/wp-json\/wp\/v2\/media?parent=590"}],"curies":[{"name":"wp","href":"https:\/\/api.w.org\/{rel}","templated":true}]}}